{"id":19353,"date":"2022-01-23T22:50:17","date_gmt":"2022-01-23T21:50:17","guid":{"rendered":"https:\/\/www.hml-fetish.de\/shop\/blouson-de-police-allemande\/"},"modified":"2022-01-23T22:50:17","modified_gmt":"2022-01-23T21:50:17","slug":"blouson-de-police-allemande","status":"publish","type":"product","link":"https:\/\/www.hml-fetish.de\/shop\/fr\/blouson-de-police-allemande\/","title":{"rendered":"Blouson de police allemande"},"content":{"rendered":"<p><P>L&#8217;authentique blouson des flics allemands. Vachette haute de gamme, tra\u00eet\u00e9e et imperm\u00e9abilis\u00e9e selon les directives sur la qualit\u00e9 des tenues officielles (TL 8330-007). Les d\u00e9tails sont ceux de la tenue officielle: deux poches de cot\u00e9, deux poches poitrine \u00e0 abattant avec pressions couvertes et une dragonne pour un appareil radio, trois poches int\u00e9rieures.<\/P><br \/>\n<P>Solide fermeture \u00e9clair prot\u00e9g\u00e9e contre le vent et couverte par une bande \u00e0 boutons couverts. Doublure classique aux bras et aux \u00e9paules, thermoprotection pour le corps. Col avec bandeau d\u00e9tachable en coton. Disponible en noir et dans les tailles de 46 \u00e0 56. <a href=\"https:\/\/www.hml-fetish.de\/shop\/fr\/epaulets-pour-blouson-de-police-allemande\/\" target=\"_blank\" title=\"\u00c9paulets pour Blouson de police allemande\" rel=\"noopener\">En option, il y a la paire d&#8217;\u00e9paulettes en cuir noir au prix de 29,90 &euro;.<\/A><br \/>\n<BR><img decoding=\"async\" src=\"\/GIF\/sizefr_unisex_up.gif\" alt=\"tableau des tailles\" title=\"tableau des tailles\" border=\"0\" height=\"194\" width=\"114\">&nbsp;<img decoding=\"async\" src=\"\/template\/tag_sonder.gif\" alt=\"prix sp\u00e9cial\" title=\"prix sp\u00e9cial\" border=\"0\" height=\"55\" width=\"95\"><\/P><\/p>\n","protected":false},"excerpt":{"rendered":"<h4>Blouson de police allemande<\/h4>\n<p><P>L&#8217;authentique blouson des flics allemands. Vachette haute de gamme, tra\u00eet\u00e9e et imperm\u00e9abilis\u00e9e selon les directives sur la qualit\u00e9 des tenues officielles (TL 8330-007). Les d\u00e9tails sont ceux de la tenue officielle: deux poches de cot\u00e9, deux poches poitrine \u00e0 abattant avec pressions couvertes et une dragonne pour un appareil radio, trois poches int\u00e9rieures.<\/P><\/p>\n","protected":false},"featured_media":19323,"comment_status":"open","ping_status":"closed","template":"","meta":[],"product_brand":[],"product_cat":[587,734,644,642],"product_tag":[4400],"class_list":{"0":"post-19353","1":"product","2":"type-product","3":"status-publish","4":"has-post-thumbnail","6":"product_cat-perfectos","7":"product_cat-promotion","8":"product_cat-uniformes","9":"product_cat-vetements-fr","10":"product_tag-hml-fetish-original-fr","11":"product_shipping_class-colis-fr","13":"first","14":"instock","15":"sale","16":"taxable","17":"shipping-taxable","18":"purchasable","19":"product-type-variable"},"_links":{"self":[{"href":"https:\/\/www.hml-fetish.de\/shop\/fr\/wp-json\/wp\/v2\/product\/19353","targetHints":{"allow":["GET"]}}],"collection":[{"href":"https:\/\/www.hml-fetish.de\/shop\/fr\/wp-json\/wp\/v2\/product"}],"about":[{"href":"https:\/\/www.hml-fetish.de\/shop\/fr\/wp-json\/wp\/v2\/types\/product"}],"replies":[{"embeddable":true,"href":"https:\/\/www.hml-fetish.de\/shop\/fr\/wp-json\/wp\/v2\/comments?post=19353"}],"version-history":[{"count":0,"href":"https:\/\/www.hml-fetish.de\/shop\/fr\/wp-json\/wp\/v2\/product\/19353\/revisions"}],"wp:featuredmedia":[{"embeddable":true,"href":"https:\/\/www.hml-fetish.de\/shop\/fr\/wp-json\/wp\/v2\/media\/19323"}],"wp:attachment":[{"href":"https:\/\/www.hml-fetish.de\/shop\/fr\/wp-json\/wp\/v2\/media?parent=19353"}],"wp:term":[{"taxonomy":"product_brand","embeddable":true,"href":"https:\/\/www.hml-fetish.de\/shop\/fr\/wp-json\/wp\/v2\/product_brand?post=19353"},{"taxonomy":"product_cat","embeddable":true,"href":"https:\/\/www.hml-fetish.de\/shop\/fr\/wp-json\/wp\/v2\/product_cat?post=19353"},{"taxonomy":"product_tag","embeddable":true,"href":"https:\/\/www.hml-fetish.de\/shop\/fr\/wp-json\/wp\/v2\/product_tag?post=19353"}],"curies":[{"name":"wp","href":"https:\/\/api.w.org\/{rel}","templated":true}]}}