{"id":19319,"date":"2022-01-23T22:50:17","date_gmt":"2022-01-23T21:50:17","guid":{"rendered":"https:\/\/www.hml-fetish.de\/shop\/epaulets-pour-blouson-de-police-allemande\/"},"modified":"2022-01-23T22:50:17","modified_gmt":"2022-01-23T21:50:17","slug":"epaulets-pour-blouson-de-police-allemande","status":"publish","type":"product","link":"https:\/\/www.hml-fetish.de\/shop\/fr\/epaulets-pour-blouson-de-police-allemande\/","title":{"rendered":"\u00c9paulets pour Blouson de police allemande"},"content":{"rendered":"<p>Une paire d&#8217;\u00e9paulettes pour le blouson de la police allemande. Elles sont en cuir v\u00e9ritable et s&#8217;adaptent parfaitement aux passants d&#8217;\u00e9paule sur le blouson. Se ferment avec un bouton-pression noir discret.<\/p>\n","protected":false},"excerpt":{"rendered":"<h4>\u00c9paulets pour Blouson de police allemande<\/h4>\n<p>Une paire d&#8217;\u00e9paulettes pour le blouson de la police allemande. Elles sont en cuir v\u00e9ritable et s&#8217;adaptent parfaitement aux passants d&#8217;\u00e9paule sur le blouson. Se ferment avec un bouton-pression noir discret.<\/p>\n","protected":false},"featured_media":19313,"comment_status":"open","ping_status":"closed","template":"","meta":[],"product_brand":[],"product_cat":[732,587,642],"product_tag":[4400],"class_list":{"0":"post-19319","1":"product","2":"type-product","3":"status-publish","4":"has-post-thumbnail","6":"product_cat-best-seller","7":"product_cat-perfectos","8":"product_cat-vetements-fr","9":"product_tag-hml-fetish-original-fr","10":"product_shipping_class-lettre","12":"first","13":"instock","14":"taxable","15":"shipping-taxable","16":"purchasable","17":"product-type-simple"},"_links":{"self":[{"href":"https:\/\/www.hml-fetish.de\/shop\/fr\/wp-json\/wp\/v2\/product\/19319","targetHints":{"allow":["GET"]}}],"collection":[{"href":"https:\/\/www.hml-fetish.de\/shop\/fr\/wp-json\/wp\/v2\/product"}],"about":[{"href":"https:\/\/www.hml-fetish.de\/shop\/fr\/wp-json\/wp\/v2\/types\/product"}],"replies":[{"embeddable":true,"href":"https:\/\/www.hml-fetish.de\/shop\/fr\/wp-json\/wp\/v2\/comments?post=19319"}],"version-history":[{"count":0,"href":"https:\/\/www.hml-fetish.de\/shop\/fr\/wp-json\/wp\/v2\/product\/19319\/revisions"}],"wp:featuredmedia":[{"embeddable":true,"href":"https:\/\/www.hml-fetish.de\/shop\/fr\/wp-json\/wp\/v2\/media\/19313"}],"wp:attachment":[{"href":"https:\/\/www.hml-fetish.de\/shop\/fr\/wp-json\/wp\/v2\/media?parent=19319"}],"wp:term":[{"taxonomy":"product_brand","embeddable":true,"href":"https:\/\/www.hml-fetish.de\/shop\/fr\/wp-json\/wp\/v2\/product_brand?post=19319"},{"taxonomy":"product_cat","embeddable":true,"href":"https:\/\/www.hml-fetish.de\/shop\/fr\/wp-json\/wp\/v2\/product_cat?post=19319"},{"taxonomy":"product_tag","embeddable":true,"href":"https:\/\/www.hml-fetish.de\/shop\/fr\/wp-json\/wp\/v2\/product_tag?post=19319"}],"curies":[{"name":"wp","href":"https:\/\/api.w.org\/{rel}","templated":true}]}}