{"id":19305,"date":"2022-01-23T22:50:17","date_gmt":"2022-01-23T21:50:17","guid":{"rendered":"https:\/\/www.hml-fetish.de\/shop\/jock-strap-jeans\/"},"modified":"2022-01-23T22:50:17","modified_gmt":"2022-01-23T21:50:17","slug":"jock-strap-jeans","status":"publish","type":"product","link":"https:\/\/www.hml-fetish.de\/shop\/fr\/jock-strap-jeans\/","title":{"rendered":"Jock-strap Jeans"},"content":{"rendered":"<p>Un supporter que l&#8217;on ne trouve que chez HML Fetish. Il est compos\u00e9 de pi\u00e8ces de vrai jean (pas d&#8217;imitation !) et les coutures sont faites \u00e0 la main pour \u00eatre us\u00e9es. Ainsi, ce suspensoir ressemble \u00e0 un pantalon en jean ultra-court. La teinte exacte varie d&#8217;un pantalon \u00e0 l&#8217;autre &#8211; une pi\u00e8ce unique, en somme. Cette culotte est un accessoire formidable pour les vacances \u00e0 la plage en \u00e9t\u00e9 ou en hiver \u00e0 Playa del Ingles!<\/P><br \/>\n<P>Les bandes \u00e9lastiques assurent un maintien serr\u00e9 et sont plac\u00e9es sur les flancs de ta zone d&#8217;utilisation arri\u00e8re de mani\u00e8re \u00e0 faire un effet push-up. Cela forme un joli cul !<br \/>\n<BR><img decoding=\"async\" src=\"\/GIF\/sizefr_unisex_sp.gif\" alt=\"tableau des tailles\" title=\"tableau des tailles\" border=\"0\" height=\"194\" width=\"114\"><\/P><\/p>\n","protected":false},"excerpt":{"rendered":"<h4>Jock-strap Jeans<\/h4>\n<p>Un supporter que l&#8217;on ne trouve que chez HML Fetish. Il est compos\u00e9 de pi\u00e8ces de vrai jean (pas d&#8217;imitation !) et les coutures sont faites \u00e0 la main pour \u00eatre us\u00e9es. Ainsi, ce suspensoir ressemble \u00e0 un pantalon en jean ultra-court. La teinte exacte varie d&#8217;un pantalon \u00e0 l&#8217;autre &#8211; une pi\u00e8ce unique, en somme. Cette culotte est un accessoire formidable pour les vacances \u00e0 la plage en \u00e9t\u00e9 ou en hiver \u00e0 Playa del Ingles!<\/P><\/p>\n","protected":false},"featured_media":19271,"comment_status":"open","ping_status":"closed","template":"","meta":[],"product_brand":[],"product_cat":[656],"product_tag":[],"class_list":{"0":"post-19305","1":"product","2":"type-product","3":"status-publish","4":"has-post-thumbnail","6":"product_cat-jocks","7":"product_shipping_class-lettre","9":"first","10":"instock","11":"taxable","12":"shipping-taxable","13":"purchasable","14":"product-type-variable"},"_links":{"self":[{"href":"https:\/\/www.hml-fetish.de\/shop\/fr\/wp-json\/wp\/v2\/product\/19305","targetHints":{"allow":["GET"]}}],"collection":[{"href":"https:\/\/www.hml-fetish.de\/shop\/fr\/wp-json\/wp\/v2\/product"}],"about":[{"href":"https:\/\/www.hml-fetish.de\/shop\/fr\/wp-json\/wp\/v2\/types\/product"}],"replies":[{"embeddable":true,"href":"https:\/\/www.hml-fetish.de\/shop\/fr\/wp-json\/wp\/v2\/comments?post=19305"}],"version-history":[{"count":0,"href":"https:\/\/www.hml-fetish.de\/shop\/fr\/wp-json\/wp\/v2\/product\/19305\/revisions"}],"wp:featuredmedia":[{"embeddable":true,"href":"https:\/\/www.hml-fetish.de\/shop\/fr\/wp-json\/wp\/v2\/media\/19271"}],"wp:attachment":[{"href":"https:\/\/www.hml-fetish.de\/shop\/fr\/wp-json\/wp\/v2\/media?parent=19305"}],"wp:term":[{"taxonomy":"product_brand","embeddable":true,"href":"https:\/\/www.hml-fetish.de\/shop\/fr\/wp-json\/wp\/v2\/product_brand?post=19305"},{"taxonomy":"product_cat","embeddable":true,"href":"https:\/\/www.hml-fetish.de\/shop\/fr\/wp-json\/wp\/v2\/product_cat?post=19305"},{"taxonomy":"product_tag","embeddable":true,"href":"https:\/\/www.hml-fetish.de\/shop\/fr\/wp-json\/wp\/v2\/product_tag?post=19305"}],"curies":[{"name":"wp","href":"https:\/\/api.w.org\/{rel}","templated":true}]}}