{"id":19267,"date":"2022-01-23T22:50:18","date_gmt":"2022-01-23T21:50:18","guid":{"rendered":"https:\/\/www.hml-fetish.de\/shop\/mousqueton-zingue\/"},"modified":"2022-01-23T22:50:18","modified_gmt":"2022-01-23T21:50:18","slug":"mousqueton-zingue","status":"publish","type":"product","link":"https:\/\/www.hml-fetish.de\/shop\/fr\/mousqueton-zingue\/","title":{"rendered":"Mousqueton zingu\u00e9"},"content":{"rendered":"<p>Cet article est un mousqueton en acier robuste. Il a une \u00e9paisseur de 7 mm, est galvanis\u00e9 et mesure environ 70 mm de long. Sa capacit\u00e9 de charge maximale est de 180 kg.<\/p>\n","protected":false},"excerpt":{"rendered":"<h4>Mousqueton zingu\u00e9<\/h4>\n<p>Cet article est un mousqueton en acier robuste. Il a une \u00e9paisseur de 7 mm, est galvanis\u00e9 et mesure environ 70 mm de long. Sa capacit\u00e9 de charge maximale est de 180 kg.<\/p>\n","protected":false},"featured_media":19250,"comment_status":"open","ping_status":"closed","template":"","meta":[],"product_brand":[],"product_cat":[649,606,714],"product_tag":[],"class_list":{"0":"post-19267","1":"product","2":"type-product","3":"status-publish","4":"has-post-thumbnail","6":"product_cat-accessoires-fr","7":"product_cat-accessoires-fr-2-fr","8":"product_cat-dungeon-fr","9":"product_shipping_class-lettre","11":"first","12":"instock","13":"taxable","14":"shipping-taxable","15":"purchasable","16":"product-type-simple"},"_links":{"self":[{"href":"https:\/\/www.hml-fetish.de\/shop\/fr\/wp-json\/wp\/v2\/product\/19267","targetHints":{"allow":["GET"]}}],"collection":[{"href":"https:\/\/www.hml-fetish.de\/shop\/fr\/wp-json\/wp\/v2\/product"}],"about":[{"href":"https:\/\/www.hml-fetish.de\/shop\/fr\/wp-json\/wp\/v2\/types\/product"}],"replies":[{"embeddable":true,"href":"https:\/\/www.hml-fetish.de\/shop\/fr\/wp-json\/wp\/v2\/comments?post=19267"}],"version-history":[{"count":0,"href":"https:\/\/www.hml-fetish.de\/shop\/fr\/wp-json\/wp\/v2\/product\/19267\/revisions"}],"wp:featuredmedia":[{"embeddable":true,"href":"https:\/\/www.hml-fetish.de\/shop\/fr\/wp-json\/wp\/v2\/media\/19250"}],"wp:attachment":[{"href":"https:\/\/www.hml-fetish.de\/shop\/fr\/wp-json\/wp\/v2\/media?parent=19267"}],"wp:term":[{"taxonomy":"product_brand","embeddable":true,"href":"https:\/\/www.hml-fetish.de\/shop\/fr\/wp-json\/wp\/v2\/product_brand?post=19267"},{"taxonomy":"product_cat","embeddable":true,"href":"https:\/\/www.hml-fetish.de\/shop\/fr\/wp-json\/wp\/v2\/product_cat?post=19267"},{"taxonomy":"product_tag","embeddable":true,"href":"https:\/\/www.hml-fetish.de\/shop\/fr\/wp-json\/wp\/v2\/product_tag?post=19267"}],"curies":[{"name":"wp","href":"https:\/\/api.w.org\/{rel}","templated":true}]}}