{"id":19247,"date":"2022-01-23T22:50:38","date_gmt":"2022-01-23T21:50:38","guid":{"rendered":"https:\/\/www.hml-fetish.de\/shop\/mousqueton-double\/"},"modified":"2022-01-23T22:50:38","modified_gmt":"2022-01-23T21:50:38","slug":"mousqueton-double","status":"publish","type":"product","link":"https:\/\/www.hml-fetish.de\/shop\/fr\/mousqueton-double\/","title":{"rendered":"Mousqueton double"},"content":{"rendered":"<p>Un double mousqueton en version coul\u00e9e sous pression nickel\u00e9e. Environ 10 cm de long. Essaie de trouver cette pi\u00e8ce rare \u00e0 ce prix dans un magasin de bricolage \ud83d\ude09<\/p>\n","protected":false},"excerpt":{"rendered":"<h4>Mousqueton double<\/h4>\n<p>Un double mousqueton en version coul\u00e9e sous pression nickel\u00e9e. Environ 10 cm de long. Essaie de trouver cette pi\u00e8ce rare \u00e0 ce prix dans un magasin de bricolage \ud83d\ude09<\/p>\n","protected":false},"featured_media":19234,"comment_status":"open","ping_status":"closed","template":"","meta":[],"product_brand":[],"product_cat":[606,634,692],"product_tag":[],"class_list":{"0":"post-19247","1":"product","2":"type-product","3":"status-publish","4":"has-post-thumbnail","6":"product_cat-accessoires-fr-2-fr","7":"product_cat-accessoires-army","8":"product_cat-menottes","9":"product_shipping_class-lettre","11":"first","12":"instock","13":"taxable","14":"shipping-taxable","15":"purchasable","16":"product-type-simple"},"_links":{"self":[{"href":"https:\/\/www.hml-fetish.de\/shop\/fr\/wp-json\/wp\/v2\/product\/19247","targetHints":{"allow":["GET"]}}],"collection":[{"href":"https:\/\/www.hml-fetish.de\/shop\/fr\/wp-json\/wp\/v2\/product"}],"about":[{"href":"https:\/\/www.hml-fetish.de\/shop\/fr\/wp-json\/wp\/v2\/types\/product"}],"replies":[{"embeddable":true,"href":"https:\/\/www.hml-fetish.de\/shop\/fr\/wp-json\/wp\/v2\/comments?post=19247"}],"version-history":[{"count":0,"href":"https:\/\/www.hml-fetish.de\/shop\/fr\/wp-json\/wp\/v2\/product\/19247\/revisions"}],"wp:featuredmedia":[{"embeddable":true,"href":"https:\/\/www.hml-fetish.de\/shop\/fr\/wp-json\/wp\/v2\/media\/19234"}],"wp:attachment":[{"href":"https:\/\/www.hml-fetish.de\/shop\/fr\/wp-json\/wp\/v2\/media?parent=19247"}],"wp:term":[{"taxonomy":"product_brand","embeddable":true,"href":"https:\/\/www.hml-fetish.de\/shop\/fr\/wp-json\/wp\/v2\/product_brand?post=19247"},{"taxonomy":"product_cat","embeddable":true,"href":"https:\/\/www.hml-fetish.de\/shop\/fr\/wp-json\/wp\/v2\/product_cat?post=19247"},{"taxonomy":"product_tag","embeddable":true,"href":"https:\/\/www.hml-fetish.de\/shop\/fr\/wp-json\/wp\/v2\/product_tag?post=19247"}],"curies":[{"name":"wp","href":"https:\/\/api.w.org\/{rel}","templated":true}]}}