{"id":19231,"date":"2022-01-23T22:50:39","date_gmt":"2022-01-23T21:50:39","guid":{"rendered":"https:\/\/www.hml-fetish.de\/shop\/mousqueton-pour-chaines\/"},"modified":"2022-01-23T22:50:39","modified_gmt":"2022-01-23T21:50:39","slug":"mousqueton-pour-chaines","status":"publish","type":"product","link":"https:\/\/www.hml-fetish.de\/shop\/fr\/mousqueton-pour-chaines\/","title":{"rendered":"Mousqueton pour cha\u00eenes"},"content":{"rendered":"<p>Le mousqueton pour cha\u00eene est connu comme &#8220;maillon de secours pour cha\u00eene&#8221;, permettant de relier deux cha\u00eenes entre elles ou d&#8217;en fermer une pour former un cercle. Il est en acier \u00e9lectro-zingu\u00e9, mesure 70 mm de long et 6 mm d&#8217;\u00e9paisseur. Cette pi\u00e8ce pratique est difficile \u00e0 trouver, m\u00eame dans les magasins sp\u00e9cialis\u00e9s. Il s&#8217;ouvre et se ferme \u00e0 l&#8217;aide d&#8217;un petit axe rotatif int\u00e9gr\u00e9.<\/p>\n","protected":false},"excerpt":{"rendered":"<h4>Mousqueton pour cha\u00eenes<\/h4>\n<p>Le mousqueton pour cha\u00eene est connu comme &#8220;maillon de secours pour cha\u00eene&#8221;, permettant de relier deux cha\u00eenes entre elles ou d&#8217;en fermer une pour former un cercle. Il est en acier \u00e9lectro-zingu\u00e9, mesure 70 mm de long et 6 mm d&#8217;\u00e9paisseur. Cette pi\u00e8ce pratique est difficile \u00e0 trouver, m\u00eame dans les magasins sp\u00e9cialis\u00e9s. Il s&#8217;ouvre et se ferme \u00e0 l&#8217;aide d&#8217;un petit axe rotatif int\u00e9gr\u00e9.<\/p>\n","protected":false},"featured_media":19222,"comment_status":"open","ping_status":"closed","template":"","meta":[],"product_brand":[],"product_cat":[634,732,690],"product_tag":[],"class_list":{"0":"post-19231","1":"product","2":"type-product","3":"status-publish","4":"has-post-thumbnail","6":"product_cat-accessoires-army","7":"product_cat-best-seller","8":"product_cat-bondage-fr","9":"product_shipping_class-lettre","11":"first","12":"instock","13":"taxable","14":"shipping-taxable","15":"purchasable","16":"product-type-simple"},"_links":{"self":[{"href":"https:\/\/www.hml-fetish.de\/shop\/fr\/wp-json\/wp\/v2\/product\/19231","targetHints":{"allow":["GET"]}}],"collection":[{"href":"https:\/\/www.hml-fetish.de\/shop\/fr\/wp-json\/wp\/v2\/product"}],"about":[{"href":"https:\/\/www.hml-fetish.de\/shop\/fr\/wp-json\/wp\/v2\/types\/product"}],"replies":[{"embeddable":true,"href":"https:\/\/www.hml-fetish.de\/shop\/fr\/wp-json\/wp\/v2\/comments?post=19231"}],"version-history":[{"count":0,"href":"https:\/\/www.hml-fetish.de\/shop\/fr\/wp-json\/wp\/v2\/product\/19231\/revisions"}],"wp:featuredmedia":[{"embeddable":true,"href":"https:\/\/www.hml-fetish.de\/shop\/fr\/wp-json\/wp\/v2\/media\/19222"}],"wp:attachment":[{"href":"https:\/\/www.hml-fetish.de\/shop\/fr\/wp-json\/wp\/v2\/media?parent=19231"}],"wp:term":[{"taxonomy":"product_brand","embeddable":true,"href":"https:\/\/www.hml-fetish.de\/shop\/fr\/wp-json\/wp\/v2\/product_brand?post=19231"},{"taxonomy":"product_cat","embeddable":true,"href":"https:\/\/www.hml-fetish.de\/shop\/fr\/wp-json\/wp\/v2\/product_cat?post=19231"},{"taxonomy":"product_tag","embeddable":true,"href":"https:\/\/www.hml-fetish.de\/shop\/fr\/wp-json\/wp\/v2\/product_tag?post=19231"}],"curies":[{"name":"wp","href":"https:\/\/api.w.org\/{rel}","templated":true}]}}