{"id":19197,"date":"2022-04-09T14:36:38","date_gmt":"2022-04-09T12:36:38","guid":{"rendered":"https:\/\/www.hml-fetish.de\/shop\/?post_type=product&#038;p=19197"},"modified":"2022-04-09T14:44:44","modified_gmt":"2022-04-09T12:44:44","slug":"pendentiv-a-cle-en-cuir-gratuit","status":"publish","type":"product","link":"https:\/\/www.hml-fetish.de\/shop\/fr\/pendentiv-a-cle-en-cuir-gratuit\/","title":{"rendered":"Pendentiv \u00e0 cl\u00e9 en cuir gratuit"},"content":{"rendered":"<p>La touche cuir pour tes cl\u00e9s: porte-cl\u00e9s fait \u00e0 la main en nappa bovin noir haut de gamme avec une bande de couleur! Largeur 4 cm et longueur entre 4 et 8 cm.<\/p>\n","protected":false},"excerpt":{"rendered":"<h4>Pendentiv \u00e0 cl\u00e9 en cuir gratuit<\/h4>\n<p>La touche cuir pour tes cl\u00e9s: porte-cl\u00e9s fait \u00e0 la main en nappa bovin noir haut de gamme avec une bande de couleur! Largeur 4 cm et longueur entre 4 et 8 cm.<\/p>\n","protected":false},"featured_media":19157,"comment_status":"open","ping_status":"closed","template":"","meta":[],"product_brand":[],"product_cat":[737],"product_tag":[],"class_list":{"0":"post-19197","1":"product","2":"type-product","3":"status-publish","4":"has-post-thumbnail","6":"product_cat-offert-pour-toute-commande","7":"product_shipping_class-lettre","9":"first","10":"instock","11":"sale","12":"sold-individually","13":"taxable","14":"shipping-taxable","15":"purchasable","16":"product-type-variable"},"_links":{"self":[{"href":"https:\/\/www.hml-fetish.de\/shop\/fr\/wp-json\/wp\/v2\/product\/19197","targetHints":{"allow":["GET"]}}],"collection":[{"href":"https:\/\/www.hml-fetish.de\/shop\/fr\/wp-json\/wp\/v2\/product"}],"about":[{"href":"https:\/\/www.hml-fetish.de\/shop\/fr\/wp-json\/wp\/v2\/types\/product"}],"replies":[{"embeddable":true,"href":"https:\/\/www.hml-fetish.de\/shop\/fr\/wp-json\/wp\/v2\/comments?post=19197"}],"version-history":[{"count":0,"href":"https:\/\/www.hml-fetish.de\/shop\/fr\/wp-json\/wp\/v2\/product\/19197\/revisions"}],"wp:featuredmedia":[{"embeddable":true,"href":"https:\/\/www.hml-fetish.de\/shop\/fr\/wp-json\/wp\/v2\/media\/19157"}],"wp:attachment":[{"href":"https:\/\/www.hml-fetish.de\/shop\/fr\/wp-json\/wp\/v2\/media?parent=19197"}],"wp:term":[{"taxonomy":"product_brand","embeddable":true,"href":"https:\/\/www.hml-fetish.de\/shop\/fr\/wp-json\/wp\/v2\/product_brand?post=19197"},{"taxonomy":"product_cat","embeddable":true,"href":"https:\/\/www.hml-fetish.de\/shop\/fr\/wp-json\/wp\/v2\/product_cat?post=19197"},{"taxonomy":"product_tag","embeddable":true,"href":"https:\/\/www.hml-fetish.de\/shop\/fr\/wp-json\/wp\/v2\/product_tag?post=19197"}],"curies":[{"name":"wp","href":"https:\/\/api.w.org\/{rel}","templated":true}]}}