{"id":19154,"date":"2022-01-23T22:50:39","date_gmt":"2022-01-23T21:50:39","guid":{"rendered":"https:\/\/www.hml-fetish.de\/shop\/chaine-a-cles\/"},"modified":"2025-01-20T15:44:10","modified_gmt":"2025-01-20T14:44:10","slug":"chaine-a-cles","status":"publish","type":"product","link":"https:\/\/www.hml-fetish.de\/shop\/fr\/chaine-a-cles\/","title":{"rendered":"Cha\u00eene \u00e0 cl\u00e9s"},"content":{"rendered":"<p><P>Ce chaine \u00e0 cl\u00e9s muni d&#8217;un mousqueton \u00e0 une extr\u00e9mit\u00e9 et d&#8217;un porte-cl\u00e9s \u00e0 l&#8217;autre. Il suffit de l&#8217;accrocher au passant de la ceinture pour ne plus jamais perdre ses cl\u00e9s. La cha\u00eene est suffisamment longue pour que tu n&#8217;aies pas \u00e0 l&#8217;enlever pour l&#8217;ouvrir.<\/P><br \/>\n<P>Nous proposons deux tailles:<BR>La taille M mesure environ 70 cm de long et la cha\u00eene est de 3 mm d&#8217;\u00e9paisseur.<BR>La taille L mesure environ 90 cm de long et la cha\u00eene est de 4 mm d&#8217;\u00e9paisseur.<\/P><br \/>\n<P><B>S\u00e9curit\u00e9 du produit:<\/B><BR><br \/>\nInformation sur les allergies : Mat\u00e9riau : acier chrom\u00e9<BR>.<br \/>\nPersonne responsable<BR><br \/>\nPet Hardware\u00ae, propri\u00e9taire Jan Gr\u00e1c<BR>.<br \/>\nGrymovsk\u00e1 256\/1a<BR><br \/>\n750 02 P\u0159erov IV-Kozlovice<BR><br \/>\nR\u00e9publique tch\u00e8que<BR><br \/>\ninfo@pethardware.com <\/P><\/p>\n","protected":false},"excerpt":{"rendered":"<h4>Cha\u00eene \u00e0 cl\u00e9s<\/h4>\n<p><P>Ce chaine est muni d&#8217;un mousqueton \u00e0 une extr\u00e9mit\u00e9 et d&#8217;un porte-cl\u00e9s \u00e0 l&#8217;autre. Il suffit de l&#8217;accrocher au passant de la ceinture pour ne plus jamais perdre ses cl\u00e9s. La cha\u00eene est suffisamment longue pour que tu n&#8217;aies pas \u00e0 l&#8217;enlever pour l&#8217;ouvrir.<\/P><\/p>\n","protected":false},"featured_media":19141,"comment_status":"open","ping_status":"closed","template":"","meta":[],"product_brand":[],"product_cat":[601,732],"product_tag":[4400],"class_list":{"0":"post-19154","1":"product","2":"type-product","3":"status-publish","4":"has-post-thumbnail","6":"product_cat-ceintures-straps-fr","7":"product_cat-best-seller","8":"product_tag-hml-fetish-original-fr","9":"product_shipping_class-lettre","11":"first","12":"instock","13":"taxable","14":"shipping-taxable","15":"purchasable","16":"product-type-variable"},"_links":{"self":[{"href":"https:\/\/www.hml-fetish.de\/shop\/fr\/wp-json\/wp\/v2\/product\/19154","targetHints":{"allow":["GET"]}}],"collection":[{"href":"https:\/\/www.hml-fetish.de\/shop\/fr\/wp-json\/wp\/v2\/product"}],"about":[{"href":"https:\/\/www.hml-fetish.de\/shop\/fr\/wp-json\/wp\/v2\/types\/product"}],"replies":[{"embeddable":true,"href":"https:\/\/www.hml-fetish.de\/shop\/fr\/wp-json\/wp\/v2\/comments?post=19154"}],"version-history":[{"count":0,"href":"https:\/\/www.hml-fetish.de\/shop\/fr\/wp-json\/wp\/v2\/product\/19154\/revisions"}],"wp:featuredmedia":[{"embeddable":true,"href":"https:\/\/www.hml-fetish.de\/shop\/fr\/wp-json\/wp\/v2\/media\/19141"}],"wp:attachment":[{"href":"https:\/\/www.hml-fetish.de\/shop\/fr\/wp-json\/wp\/v2\/media?parent=19154"}],"wp:term":[{"taxonomy":"product_brand","embeddable":true,"href":"https:\/\/www.hml-fetish.de\/shop\/fr\/wp-json\/wp\/v2\/product_brand?post=19154"},{"taxonomy":"product_cat","embeddable":true,"href":"https:\/\/www.hml-fetish.de\/shop\/fr\/wp-json\/wp\/v2\/product_cat?post=19154"},{"taxonomy":"product_tag","embeddable":true,"href":"https:\/\/www.hml-fetish.de\/shop\/fr\/wp-json\/wp\/v2\/product_tag?post=19154"}],"curies":[{"name":"wp","href":"https:\/\/api.w.org\/{rel}","templated":true}]}}