{"id":19130,"date":"2022-01-23T22:50:40","date_gmt":"2022-01-23T21:50:40","guid":{"rendered":"https:\/\/www.hml-fetish.de\/shop\/boucle-de-ceinture-d\/"},"modified":"2022-01-23T22:50:40","modified_gmt":"2022-01-23T21:50:40","slug":"boucle-de-ceinture-d","status":"publish","type":"product","link":"https:\/\/www.hml-fetish.de\/shop\/fr\/boucle-de-ceinture-d\/","title":{"rendered":"Boucle de ceinture D"},"content":{"rendered":"<p>Une boucle de ceinture (20 mm) garnie d&#8217;un lourd anneau en D. Ajustable \u00e0 l&#8217;aide de pressions cach\u00e9es aux ceintures de 4 ou de 5 cm de largeur elle peut servir comme porte-cl\u00e9s, porte-menottes, porte-\u2026<\/p>\n","protected":false},"excerpt":{"rendered":"<h4>Boucle de ceinture D<\/h4>\n<p>Une boucle de ceinture (20 mm) garnie d&#8217;un lourd anneau en D. Ajustable \u00e0 l&#8217;aide de pressions cach\u00e9es aux ceintures de 4 ou de 5 cm de largeur elle peut servir comme porte-cl\u00e9s, porte-menottes, porte-\u2026<\/p>\n","protected":false},"featured_media":19123,"comment_status":"open","ping_status":"closed","template":"","meta":[],"product_brand":[],"product_cat":[601,646],"product_tag":[4400],"class_list":{"0":"post-19130","1":"product","2":"type-product","3":"status-publish","4":"has-post-thumbnail","6":"product_cat-ceintures-straps-fr","7":"product_cat-ceintures-straps","8":"product_tag-hml-fetish-original-fr","9":"product_shipping_class-lettre","11":"first","12":"instock","13":"taxable","14":"shipping-taxable","15":"purchasable","16":"product-type-simple"},"_links":{"self":[{"href":"https:\/\/www.hml-fetish.de\/shop\/fr\/wp-json\/wp\/v2\/product\/19130","targetHints":{"allow":["GET"]}}],"collection":[{"href":"https:\/\/www.hml-fetish.de\/shop\/fr\/wp-json\/wp\/v2\/product"}],"about":[{"href":"https:\/\/www.hml-fetish.de\/shop\/fr\/wp-json\/wp\/v2\/types\/product"}],"replies":[{"embeddable":true,"href":"https:\/\/www.hml-fetish.de\/shop\/fr\/wp-json\/wp\/v2\/comments?post=19130"}],"version-history":[{"count":0,"href":"https:\/\/www.hml-fetish.de\/shop\/fr\/wp-json\/wp\/v2\/product\/19130\/revisions"}],"wp:featuredmedia":[{"embeddable":true,"href":"https:\/\/www.hml-fetish.de\/shop\/fr\/wp-json\/wp\/v2\/media\/19123"}],"wp:attachment":[{"href":"https:\/\/www.hml-fetish.de\/shop\/fr\/wp-json\/wp\/v2\/media?parent=19130"}],"wp:term":[{"taxonomy":"product_brand","embeddable":true,"href":"https:\/\/www.hml-fetish.de\/shop\/fr\/wp-json\/wp\/v2\/product_brand?post=19130"},{"taxonomy":"product_cat","embeddable":true,"href":"https:\/\/www.hml-fetish.de\/shop\/fr\/wp-json\/wp\/v2\/product_cat?post=19130"},{"taxonomy":"product_tag","embeddable":true,"href":"https:\/\/www.hml-fetish.de\/shop\/fr\/wp-json\/wp\/v2\/product_tag?post=19130"}],"curies":[{"name":"wp","href":"https:\/\/api.w.org\/{rel}","templated":true}]}}