{"id":19119,"date":"2022-01-23T22:50:40","date_gmt":"2022-01-23T21:50:40","guid":{"rendered":"https:\/\/www.hml-fetish.de\/shop\/port-baton-en-cuir\/"},"modified":"2022-01-23T22:50:40","modified_gmt":"2022-01-23T21:50:40","slug":"port-baton-en-cuir","status":"publish","type":"product","link":"https:\/\/www.hml-fetish.de\/shop\/fr\/port-baton-en-cuir\/","title":{"rendered":"Port-b\u00e2ton en cuir"},"content":{"rendered":"<p>L&#8217;\u00e9tui parfait pour la matraque. En cuir noir lisse avec de lourds boutons-pression nickel\u00e9s. Avec une boucle de maintien suppl\u00e9mentaire pour la canne. Un must-have pour la ceinture lisse de Sam Browne. Cet article est disponible en exclusivit\u00e9 chez HML Fetish !<\/p>\n","protected":false},"excerpt":{"rendered":"<h4>Port-b\u00e2ton en cuir<\/h4>\n<p>L&#8217;\u00e9tui parfait pour la matraque. En cuir noir lisse avec de lourds boutons-pression nickel\u00e9s. Avec une boucle de maintien suppl\u00e9mentaire pour la canne. Un must-have pour la ceinture lisse de Sam Browne. Cet article est disponible en exclusivit\u00e9 chez HML Fetish !<\/p>\n","protected":false},"featured_media":19102,"comment_status":"open","ping_status":"closed","template":"","meta":[],"product_brand":[],"product_cat":[732,646,601],"product_tag":[4400],"class_list":{"0":"post-19119","1":"product","2":"type-product","3":"status-publish","4":"has-post-thumbnail","6":"product_cat-best-seller","7":"product_cat-ceintures-straps","8":"product_cat-ceintures-straps-fr","9":"product_tag-hml-fetish-original-fr","10":"product_shipping_class-lettre","12":"first","13":"instock","14":"taxable","15":"shipping-taxable","16":"purchasable","17":"product-type-simple"},"_links":{"self":[{"href":"https:\/\/www.hml-fetish.de\/shop\/fr\/wp-json\/wp\/v2\/product\/19119","targetHints":{"allow":["GET"]}}],"collection":[{"href":"https:\/\/www.hml-fetish.de\/shop\/fr\/wp-json\/wp\/v2\/product"}],"about":[{"href":"https:\/\/www.hml-fetish.de\/shop\/fr\/wp-json\/wp\/v2\/types\/product"}],"replies":[{"embeddable":true,"href":"https:\/\/www.hml-fetish.de\/shop\/fr\/wp-json\/wp\/v2\/comments?post=19119"}],"version-history":[{"count":0,"href":"https:\/\/www.hml-fetish.de\/shop\/fr\/wp-json\/wp\/v2\/product\/19119\/revisions"}],"wp:featuredmedia":[{"embeddable":true,"href":"https:\/\/www.hml-fetish.de\/shop\/fr\/wp-json\/wp\/v2\/media\/19102"}],"wp:attachment":[{"href":"https:\/\/www.hml-fetish.de\/shop\/fr\/wp-json\/wp\/v2\/media?parent=19119"}],"wp:term":[{"taxonomy":"product_brand","embeddable":true,"href":"https:\/\/www.hml-fetish.de\/shop\/fr\/wp-json\/wp\/v2\/product_brand?post=19119"},{"taxonomy":"product_cat","embeddable":true,"href":"https:\/\/www.hml-fetish.de\/shop\/fr\/wp-json\/wp\/v2\/product_cat?post=19119"},{"taxonomy":"product_tag","embeddable":true,"href":"https:\/\/www.hml-fetish.de\/shop\/fr\/wp-json\/wp\/v2\/product_tag?post=19119"}],"curies":[{"name":"wp","href":"https:\/\/api.w.org\/{rel}","templated":true}]}}