{"id":19079,"date":"2022-01-23T22:50:40","date_gmt":"2022-01-23T21:50:40","guid":{"rendered":"https:\/\/www.hml-fetish.de\/shop\/housse-de-coussin-en-cuir\/"},"modified":"2022-01-23T22:50:40","modified_gmt":"2022-01-23T21:50:40","slug":"housse-de-coussin-en-cuir","status":"publish","type":"product","link":"https:\/\/www.hml-fetish.de\/shop\/fr\/housse-de-coussin-en-cuir\/","title":{"rendered":"Housse de coussin en cuir"},"content":{"rendered":"<p>Nappa de b\u0153uf noir l\u00e9g\u00e8rement brillant avec une bande de cuir color\u00e9e int\u00e9gr\u00e9e en rouge, bleu, jaune, blanc ou gris (et noir bien s\u00fbr). Indiquez simplement votre couleur. Taille 40 cm x 40 cm, avec fermeture \u00e9clair. Cette taie d&#8217;oreiller est chic et g\u00e9niale. Pour ton canap\u00e9 ou pour se pr\u00e9lasser dans la salle de jeux.<\/p>\n","protected":false},"excerpt":{"rendered":"<h4>Housse de coussin en cuir<\/h4>\n<p>Nappa de b\u0153uf noir l\u00e9g\u00e8rement brillant avec une bande de cuir color\u00e9e int\u00e9gr\u00e9e en rouge, bleu, jaune, blanc ou gris (et noir bien s\u00fbr). Indiquez simplement votre couleur. Taille 40 cm x 40 cm, avec fermeture \u00e9clair. Cette taie d&#8217;oreiller est chic et g\u00e9niale. Pour ton canap\u00e9 ou pour se pr\u00e9lasser dans la salle de jeux.<\/p>\n","protected":false},"featured_media":19060,"comment_status":"open","ping_status":"closed","template":"","meta":[],"product_brand":[],"product_cat":[606,720,752],"product_tag":[],"class_list":{"0":"post-19079","1":"product","2":"type-product","3":"status-publish","4":"has-post-thumbnail","6":"product_cat-accessoires-fr-2-fr","7":"product_cat-code-hanky","8":"product_cat-fin-de-serie","9":"product_shipping_class-colis-fr","11":"first","12":"instock","13":"sale","14":"taxable","15":"shipping-taxable","16":"purchasable","17":"product-type-variable"},"_links":{"self":[{"href":"https:\/\/www.hml-fetish.de\/shop\/fr\/wp-json\/wp\/v2\/product\/19079","targetHints":{"allow":["GET"]}}],"collection":[{"href":"https:\/\/www.hml-fetish.de\/shop\/fr\/wp-json\/wp\/v2\/product"}],"about":[{"href":"https:\/\/www.hml-fetish.de\/shop\/fr\/wp-json\/wp\/v2\/types\/product"}],"replies":[{"embeddable":true,"href":"https:\/\/www.hml-fetish.de\/shop\/fr\/wp-json\/wp\/v2\/comments?post=19079"}],"version-history":[{"count":0,"href":"https:\/\/www.hml-fetish.de\/shop\/fr\/wp-json\/wp\/v2\/product\/19079\/revisions"}],"wp:featuredmedia":[{"embeddable":true,"href":"https:\/\/www.hml-fetish.de\/shop\/fr\/wp-json\/wp\/v2\/media\/19060"}],"wp:attachment":[{"href":"https:\/\/www.hml-fetish.de\/shop\/fr\/wp-json\/wp\/v2\/media?parent=19079"}],"wp:term":[{"taxonomy":"product_brand","embeddable":true,"href":"https:\/\/www.hml-fetish.de\/shop\/fr\/wp-json\/wp\/v2\/product_brand?post=19079"},{"taxonomy":"product_cat","embeddable":true,"href":"https:\/\/www.hml-fetish.de\/shop\/fr\/wp-json\/wp\/v2\/product_cat?post=19079"},{"taxonomy":"product_tag","embeddable":true,"href":"https:\/\/www.hml-fetish.de\/shop\/fr\/wp-json\/wp\/v2\/product_tag?post=19079"}],"curies":[{"name":"wp","href":"https:\/\/api.w.org\/{rel}","templated":true}]}}