{"id":19030,"date":"2022-01-23T22:50:41","date_gmt":"2022-01-23T21:50:41","guid":{"rendered":"https:\/\/www.hml-fetish.de\/shop\/pinces-avec-embouts\/"},"modified":"2022-01-23T22:50:41","modified_gmt":"2022-01-23T21:50:41","slug":"pinces-avec-embouts","status":"publish","type":"product","link":"https:\/\/www.hml-fetish.de\/shop\/fr\/pinces-avec-embouts\/","title":{"rendered":"Pinces avec embouts"},"content":{"rendered":"<p>La borne classique utilis\u00e9e par les \u00e9lectriciens. Avec de petites dents sous les capuchons de protection noirs. Une paire reli\u00e9e par une cha\u00eene blind\u00e9e. Cette pince de force moyenne est un mod\u00e8le d&#8217;entr\u00e9e de gamme bon march\u00e9 dans le monde enivrant des jeux BDSM. Essaye celle-ci, et ensuite seulement teste si tu peux en supporter davantage !<\/p>\n","protected":false},"excerpt":{"rendered":"<h4>Pinces avec embouts<\/h4>\n<p>La borne classique utilis\u00e9e par les \u00e9lectriciens. Avec de petites dents sous les capuchons de protection noirs. Une paire reli\u00e9e par une cha\u00eene blind\u00e9e. Cette pince de force moyenne est un mod\u00e8le d&#8217;entr\u00e9e de gamme bon march\u00e9 dans le monde enivrant des jeux SM. Essaye celle-ci, et ensuite seulement teste si tu peux en supporter davantage !<\/p>\n","protected":false},"featured_media":19018,"comment_status":"open","ping_status":"closed","template":"","meta":[],"product_brand":[],"product_cat":[696],"product_tag":[],"class_list":{"0":"post-19030","1":"product","2":"type-product","3":"status-publish","4":"has-post-thumbnail","6":"product_cat-tetons","7":"product_shipping_class-lettre","9":"first","10":"instock","11":"taxable","12":"shipping-taxable","13":"purchasable","14":"product-type-simple"},"_links":{"self":[{"href":"https:\/\/www.hml-fetish.de\/shop\/fr\/wp-json\/wp\/v2\/product\/19030","targetHints":{"allow":["GET"]}}],"collection":[{"href":"https:\/\/www.hml-fetish.de\/shop\/fr\/wp-json\/wp\/v2\/product"}],"about":[{"href":"https:\/\/www.hml-fetish.de\/shop\/fr\/wp-json\/wp\/v2\/types\/product"}],"replies":[{"embeddable":true,"href":"https:\/\/www.hml-fetish.de\/shop\/fr\/wp-json\/wp\/v2\/comments?post=19030"}],"version-history":[{"count":0,"href":"https:\/\/www.hml-fetish.de\/shop\/fr\/wp-json\/wp\/v2\/product\/19030\/revisions"}],"wp:featuredmedia":[{"embeddable":true,"href":"https:\/\/www.hml-fetish.de\/shop\/fr\/wp-json\/wp\/v2\/media\/19018"}],"wp:attachment":[{"href":"https:\/\/www.hml-fetish.de\/shop\/fr\/wp-json\/wp\/v2\/media?parent=19030"}],"wp:term":[{"taxonomy":"product_brand","embeddable":true,"href":"https:\/\/www.hml-fetish.de\/shop\/fr\/wp-json\/wp\/v2\/product_brand?post=19030"},{"taxonomy":"product_cat","embeddable":true,"href":"https:\/\/www.hml-fetish.de\/shop\/fr\/wp-json\/wp\/v2\/product_cat?post=19030"},{"taxonomy":"product_tag","embeddable":true,"href":"https:\/\/www.hml-fetish.de\/shop\/fr\/wp-json\/wp\/v2\/product_tag?post=19030"}],"curies":[{"name":"wp","href":"https:\/\/api.w.org\/{rel}","templated":true}]}}