{"id":19015,"date":"2022-01-23T22:50:41","date_gmt":"2022-01-23T21:50:41","guid":{"rendered":"https:\/\/www.hml-fetish.de\/shop\/pinces-japonaises\/"},"modified":"2022-01-23T22:50:41","modified_gmt":"2022-01-23T21:50:41","slug":"pinces-japonaises","status":"publish","type":"product","link":"https:\/\/www.hml-fetish.de\/shop\/fr\/pinces-japonaises\/","title":{"rendered":"Pinces japonaises"},"content":{"rendered":"<p>Celles avec un m\u00e9canisme fascinant (et un rev\u00eatement en caoutchouc discret). Une paire reli\u00e9e par une cha\u00eene blind\u00e9e. Le m\u00e9canisme sp\u00e9cial en ciseaux fait que plus on tire dessus, plus la pince se resserre. Ce n&#8217;est d\u00e9finitivement pas pour les mauviettes, mais au contraire une bonne m\u00e9thode pour faire travailler tes mamelons. Ce n&#8217;est d\u00e9finitivement pas pour les mauviettes, mais au contraire une bonne m\u00e9thode pour faire travailler tes mamelons.<\/p>\n","protected":false},"excerpt":{"rendered":"<h4>Pinces japonaises<\/h4>\n<p>Celles avec un m\u00e9canisme fascinant (et un rev\u00eatement en caoutchouc discret). Une paire reli\u00e9e par une cha\u00eene blind\u00e9e. Le m\u00e9canisme sp\u00e9cial en ciseaux fait que plus on tire dessus, plus la pince se resserre. Ce n&#8217;est d\u00e9finitivement pas pour les mauviettes, mais au contraire une bonne m\u00e9thode pour faire travailler tes mamelons.<\/p>\n","protected":false},"featured_media":19001,"comment_status":"open","ping_status":"closed","template":"","meta":[],"product_brand":[],"product_cat":[732,696],"product_tag":[4372],"class_list":{"0":"post-19015","1":"product","2":"type-product","3":"status-publish","4":"has-post-thumbnail","6":"product_cat-best-seller","7":"product_cat-tetons","8":"product_tag-best-seller-toys-bdsm","9":"product_shipping_class-lettre","11":"first","12":"instock","13":"taxable","14":"shipping-taxable","15":"purchasable","16":"product-type-simple"},"_links":{"self":[{"href":"https:\/\/www.hml-fetish.de\/shop\/fr\/wp-json\/wp\/v2\/product\/19015","targetHints":{"allow":["GET"]}}],"collection":[{"href":"https:\/\/www.hml-fetish.de\/shop\/fr\/wp-json\/wp\/v2\/product"}],"about":[{"href":"https:\/\/www.hml-fetish.de\/shop\/fr\/wp-json\/wp\/v2\/types\/product"}],"replies":[{"embeddable":true,"href":"https:\/\/www.hml-fetish.de\/shop\/fr\/wp-json\/wp\/v2\/comments?post=19015"}],"version-history":[{"count":0,"href":"https:\/\/www.hml-fetish.de\/shop\/fr\/wp-json\/wp\/v2\/product\/19015\/revisions"}],"wp:featuredmedia":[{"embeddable":true,"href":"https:\/\/www.hml-fetish.de\/shop\/fr\/wp-json\/wp\/v2\/media\/19001"}],"wp:attachment":[{"href":"https:\/\/www.hml-fetish.de\/shop\/fr\/wp-json\/wp\/v2\/media?parent=19015"}],"wp:term":[{"taxonomy":"product_brand","embeddable":true,"href":"https:\/\/www.hml-fetish.de\/shop\/fr\/wp-json\/wp\/v2\/product_brand?post=19015"},{"taxonomy":"product_cat","embeddable":true,"href":"https:\/\/www.hml-fetish.de\/shop\/fr\/wp-json\/wp\/v2\/product_cat?post=19015"},{"taxonomy":"product_tag","embeddable":true,"href":"https:\/\/www.hml-fetish.de\/shop\/fr\/wp-json\/wp\/v2\/product_tag?post=19015"}],"curies":[{"name":"wp","href":"https:\/\/api.w.org\/{rel}","templated":true}]}}