{"id":18982,"date":"2022-01-23T22:50:42","date_gmt":"2022-01-23T21:50:42","guid":{"rendered":"https:\/\/www.hml-fetish.de\/shop\/pinces-de-maitre\/"},"modified":"2022-01-23T22:50:42","modified_gmt":"2022-01-23T21:50:42","slug":"pinces-de-maitre","status":"publish","type":"product","link":"https:\/\/www.hml-fetish.de\/shop\/fr\/pinces-de-maitre\/","title":{"rendered":"Pinces de Ma\u00eetre"},"content":{"rendered":"<p>M\u00e9tal avec des supports \u00e9pais en caoutchouc. Tr\u00e8s intense, donc \u00e0 \u00e9viter pour les d\u00e9butants ! Si les pi\u00e8ces tiennent m\u00eame des b\u00e2ches de camion, elles viendront facilement \u00e0 bout de tes t\u00e9tons. Une paire reli\u00e9e par une cha\u00eene blind\u00e9e.<\/p>\n","protected":false},"excerpt":{"rendered":"<h4>Pinces de Ma\u00eetre<\/h4>\n<p>M\u00e9tal avec des supports \u00e9pais en caoutchouc. Tr\u00e8s intense, donc \u00e0 \u00e9viter pour les d\u00e9butants ! Si les pi\u00e8ces tiennent m\u00eame des b\u00e2ches de camion, elles viendront facilement \u00e0 bout de tes t\u00e9tons. Une paire reli\u00e9e par une cha\u00eene blind\u00e9e.<\/p>\n","protected":false},"featured_media":18973,"comment_status":"open","ping_status":"closed","template":"","meta":[],"product_brand":[],"product_cat":[696],"product_tag":[],"class_list":{"0":"post-18982","1":"product","2":"type-product","3":"status-publish","4":"has-post-thumbnail","6":"product_cat-tetons","7":"product_shipping_class-lettre","9":"first","10":"outofstock","11":"taxable","12":"shipping-taxable","13":"purchasable","14":"product-type-simple"},"_links":{"self":[{"href":"https:\/\/www.hml-fetish.de\/shop\/fr\/wp-json\/wp\/v2\/product\/18982","targetHints":{"allow":["GET"]}}],"collection":[{"href":"https:\/\/www.hml-fetish.de\/shop\/fr\/wp-json\/wp\/v2\/product"}],"about":[{"href":"https:\/\/www.hml-fetish.de\/shop\/fr\/wp-json\/wp\/v2\/types\/product"}],"replies":[{"embeddable":true,"href":"https:\/\/www.hml-fetish.de\/shop\/fr\/wp-json\/wp\/v2\/comments?post=18982"}],"version-history":[{"count":0,"href":"https:\/\/www.hml-fetish.de\/shop\/fr\/wp-json\/wp\/v2\/product\/18982\/revisions"}],"wp:featuredmedia":[{"embeddable":true,"href":"https:\/\/www.hml-fetish.de\/shop\/fr\/wp-json\/wp\/v2\/media\/18973"}],"wp:attachment":[{"href":"https:\/\/www.hml-fetish.de\/shop\/fr\/wp-json\/wp\/v2\/media?parent=18982"}],"wp:term":[{"taxonomy":"product_brand","embeddable":true,"href":"https:\/\/www.hml-fetish.de\/shop\/fr\/wp-json\/wp\/v2\/product_brand?post=18982"},{"taxonomy":"product_cat","embeddable":true,"href":"https:\/\/www.hml-fetish.de\/shop\/fr\/wp-json\/wp\/v2\/product_cat?post=18982"},{"taxonomy":"product_tag","embeddable":true,"href":"https:\/\/www.hml-fetish.de\/shop\/fr\/wp-json\/wp\/v2\/product_tag?post=18982"}],"curies":[{"name":"wp","href":"https:\/\/api.w.org\/{rel}","templated":true}]}}