{"id":18962,"date":"2022-01-23T22:50:42","date_gmt":"2022-01-23T21:50:42","guid":{"rendered":"https:\/\/www.hml-fetish.de\/shop\/harnais-de-mamelon\/"},"modified":"2022-01-23T22:50:42","modified_gmt":"2022-01-23T21:50:42","slug":"harnais-de-mamelon","status":"publish","type":"product","link":"https:\/\/www.hml-fetish.de\/shop\/fr\/harnais-de-mamelon\/","title":{"rendered":"Harnais de mamelon"},"content":{"rendered":"<p>Une paire de nos <a href=\"https:\/\/www.hml-fetish.de\/shop\/fr\/clover-clamps\/\" target=\"_blank\" title=\"Clover-Clamps\" rel=\"noopener\">Clover-Clamps<\/a> est reli\u00e9e \u00e0 un cockring par des cha\u00eenes et une sangle en cuir. La sangle en cuir est r\u00e9glable \u00e0 l&#8217;aide d&#8217;une boucle. Le cockring est interchangeable. Nous livrons un anneau en acier inoxydable d&#8217;un diam\u00e8tre int\u00e9rieur de 50 mm. Si tu as besoin d&#8217;une autre taille que 50 mm, merci de nous le faire savoir dans le champ de commentaire lors de la validation de ta commande.<br \/>\n<BR>Gr\u00e2ce au m\u00e9canisme sp\u00e9cial Clover, tu sens \u00e0 chaque mouvement que les pinces s&#8217;agrippent \u00e0 tes t\u00e9tons.<\/P><\/p>\n","protected":false},"excerpt":{"rendered":"<h4>Harnais de mamelon<\/h4>\n<p>Une paire de nos <a href=\"https:\/\/www.hml-fetish.de\/shop\/fr\/clover-clamps\/\" target=\"_blank\" title=\"Clover-Clamps\" rel=\"noopener\">Clover-Clamps<\/a> est reli\u00e9e \u00e0 un cockring par des cha\u00eenes et une sangle en cuir. La sangle en cuir est r\u00e9glable \u00e0 l&#8217;aide d&#8217;une boucle. Le cockring est interchangeable. Nous livrons un anneau en acier inoxydable d&#8217;un diam\u00e8tre int\u00e9rieur de 50 mm.<\/p>\n","protected":false},"featured_media":18952,"comment_status":"open","ping_status":"closed","template":"","meta":[],"product_brand":[],"product_cat":[732,696],"product_tag":[4400],"class_list":{"0":"post-18962","1":"product","2":"type-product","3":"status-publish","4":"has-post-thumbnail","6":"product_cat-best-seller","7":"product_cat-tetons","8":"product_tag-hml-fetish-original-fr","9":"product_shipping_class-lettre","11":"first","12":"instock","13":"taxable","14":"shipping-taxable","15":"purchasable","16":"product-type-simple"},"_links":{"self":[{"href":"https:\/\/www.hml-fetish.de\/shop\/fr\/wp-json\/wp\/v2\/product\/18962","targetHints":{"allow":["GET"]}}],"collection":[{"href":"https:\/\/www.hml-fetish.de\/shop\/fr\/wp-json\/wp\/v2\/product"}],"about":[{"href":"https:\/\/www.hml-fetish.de\/shop\/fr\/wp-json\/wp\/v2\/types\/product"}],"replies":[{"embeddable":true,"href":"https:\/\/www.hml-fetish.de\/shop\/fr\/wp-json\/wp\/v2\/comments?post=18962"}],"version-history":[{"count":0,"href":"https:\/\/www.hml-fetish.de\/shop\/fr\/wp-json\/wp\/v2\/product\/18962\/revisions"}],"wp:featuredmedia":[{"embeddable":true,"href":"https:\/\/www.hml-fetish.de\/shop\/fr\/wp-json\/wp\/v2\/media\/18952"}],"wp:attachment":[{"href":"https:\/\/www.hml-fetish.de\/shop\/fr\/wp-json\/wp\/v2\/media?parent=18962"}],"wp:term":[{"taxonomy":"product_brand","embeddable":true,"href":"https:\/\/www.hml-fetish.de\/shop\/fr\/wp-json\/wp\/v2\/product_brand?post=18962"},{"taxonomy":"product_cat","embeddable":true,"href":"https:\/\/www.hml-fetish.de\/shop\/fr\/wp-json\/wp\/v2\/product_cat?post=18962"},{"taxonomy":"product_tag","embeddable":true,"href":"https:\/\/www.hml-fetish.de\/shop\/fr\/wp-json\/wp\/v2\/product_tag?post=18962"}],"curies":[{"name":"wp","href":"https:\/\/api.w.org\/{rel}","templated":true}]}}