{"id":18948,"date":"2022-01-23T22:50:43","date_gmt":"2022-01-23T21:50:43","guid":{"rendered":"https:\/\/www.hml-fetish.de\/shop\/vis-a-ailettes\/"},"modified":"2022-01-23T22:50:43","modified_gmt":"2022-01-23T21:50:43","slug":"vis-a-ailettes","status":"publish","type":"product","link":"https:\/\/www.hml-fetish.de\/shop\/fr\/vis-a-ailettes\/","title":{"rendered":"Vis \u00e0 ailettes"},"content":{"rendered":"<p>C&#8217;est toujours un cadeau appr\u00e9ci\u00e9 comme casse-noix ou presse-citron. Deux boulons de 75 mm de long sont press\u00e9s l&#8217;un contre l&#8217;autre par des vis de 100 mm de long. Toute la construction est en acier inoxydable poli et brillant. On peut y passer beaucoup de choses. Avant de commencer. Lorsque tu serres ensuite lentement les vis chez ton partenaire de jeu, tu ferais mieux de monter le volume de la musique avant.<\/p>\n","protected":false},"excerpt":{"rendered":"<h4>Vis \u00e0 ailettes<\/h4>\n<p>C&#8217;est toujours un cadeau appr\u00e9ci\u00e9 comme casse-noix ou presse-citron. Deux boulons de 75 mm de long sont press\u00e9s l&#8217;un contre l&#8217;autre par des vis de 100 mm de long. Toute la construction est en acier inoxydable poli et brillant. On peut y passer beaucoup de choses. Avant de commencer.<\/p>\n","protected":false},"featured_media":18938,"comment_status":"open","ping_status":"closed","template":"","meta":[],"product_brand":[],"product_cat":[697,696],"product_tag":[],"class_list":{"0":"post-18948","1":"product","2":"type-product","3":"status-publish","4":"has-post-thumbnail","6":"product_cat-cbt-fr","7":"product_cat-tetons","8":"product_shipping_class-colis-fr","10":"first","11":"instock","12":"taxable","13":"shipping-taxable","14":"purchasable","15":"product-type-simple"},"_links":{"self":[{"href":"https:\/\/www.hml-fetish.de\/shop\/fr\/wp-json\/wp\/v2\/product\/18948","targetHints":{"allow":["GET"]}}],"collection":[{"href":"https:\/\/www.hml-fetish.de\/shop\/fr\/wp-json\/wp\/v2\/product"}],"about":[{"href":"https:\/\/www.hml-fetish.de\/shop\/fr\/wp-json\/wp\/v2\/types\/product"}],"replies":[{"embeddable":true,"href":"https:\/\/www.hml-fetish.de\/shop\/fr\/wp-json\/wp\/v2\/comments?post=18948"}],"version-history":[{"count":0,"href":"https:\/\/www.hml-fetish.de\/shop\/fr\/wp-json\/wp\/v2\/product\/18948\/revisions"}],"wp:featuredmedia":[{"embeddable":true,"href":"https:\/\/www.hml-fetish.de\/shop\/fr\/wp-json\/wp\/v2\/media\/18938"}],"wp:attachment":[{"href":"https:\/\/www.hml-fetish.de\/shop\/fr\/wp-json\/wp\/v2\/media?parent=18948"}],"wp:term":[{"taxonomy":"product_brand","embeddable":true,"href":"https:\/\/www.hml-fetish.de\/shop\/fr\/wp-json\/wp\/v2\/product_brand?post=18948"},{"taxonomy":"product_cat","embeddable":true,"href":"https:\/\/www.hml-fetish.de\/shop\/fr\/wp-json\/wp\/v2\/product_cat?post=18948"},{"taxonomy":"product_tag","embeddable":true,"href":"https:\/\/www.hml-fetish.de\/shop\/fr\/wp-json\/wp\/v2\/product_tag?post=18948"}],"curies":[{"name":"wp","href":"https:\/\/api.w.org\/{rel}","templated":true}]}}