{"id":18909,"date":"2022-01-23T22:50:43","date_gmt":"2022-01-23T21:50:43","guid":{"rendered":"https:\/\/www.hml-fetish.de\/shop\/chaine-en-acier-inox\/"},"modified":"2022-01-23T22:50:43","modified_gmt":"2022-01-23T21:50:43","slug":"chaine-en-acier-inox","status":"publish","type":"product","link":"https:\/\/www.hml-fetish.de\/shop\/fr\/chaine-en-acier-inox\/","title":{"rendered":"Cha\u00eene en acier inox"},"content":{"rendered":"<p>En exclusivit\u00e9 chez HML-Fetish &#8211; le must pour les butch, soumis et esclaves qui peut se porter au quotidien, par exemple sous ta chemise ou avec un marcel!<br \/>\n<BR>Solide et r\u00e9sistante, cette cha\u00eene peut se porter pendant des semaines, cach\u00e9e ou mise en \u00e9vidence \u00e0 toutes occasions. Passe ta commandes pour cet accessoire de base (le cas \u00e9ch\u00e9ant en nous pr\u00e9cisant \u00e0 quelle adresse envoyer la cl\u00e9 *grin*)!<br \/>\n<BR>Merci de nous pr\u00e9ciser la longueur n\u00e9cessaire et si tu as besoin d&#8217;un cadenas (poli, laiton chrom\u00e9).<\/p>\n","protected":false},"excerpt":{"rendered":"<h4>Cha\u00eene en acier inox<\/h4>\n<p>En exclusivit\u00e9 chez HML-Fetish &#8211; le must pour les butch, soumis et esclaves qui peut se porter au quotidien, par exemple sous ta chemise ou avec un marcel!<\/p>\n","protected":false},"featured_media":18871,"comment_status":"open","ping_status":"closed","template":"","meta":[],"product_brand":[],"product_cat":[732,708],"product_tag":[4400],"class_list":{"0":"post-18909","1":"product","2":"type-product","3":"status-publish","4":"has-post-thumbnail","6":"product_cat-best-seller","7":"product_cat-colliers","8":"product_tag-hml-fetish-original-fr","9":"product_shipping_class-colis-fr","11":"first","12":"instock","13":"taxable","14":"shipping-taxable","15":"purchasable","16":"product-type-variable"},"_links":{"self":[{"href":"https:\/\/www.hml-fetish.de\/shop\/fr\/wp-json\/wp\/v2\/product\/18909","targetHints":{"allow":["GET"]}}],"collection":[{"href":"https:\/\/www.hml-fetish.de\/shop\/fr\/wp-json\/wp\/v2\/product"}],"about":[{"href":"https:\/\/www.hml-fetish.de\/shop\/fr\/wp-json\/wp\/v2\/types\/product"}],"replies":[{"embeddable":true,"href":"https:\/\/www.hml-fetish.de\/shop\/fr\/wp-json\/wp\/v2\/comments?post=18909"}],"version-history":[{"count":0,"href":"https:\/\/www.hml-fetish.de\/shop\/fr\/wp-json\/wp\/v2\/product\/18909\/revisions"}],"wp:featuredmedia":[{"embeddable":true,"href":"https:\/\/www.hml-fetish.de\/shop\/fr\/wp-json\/wp\/v2\/media\/18871"}],"wp:attachment":[{"href":"https:\/\/www.hml-fetish.de\/shop\/fr\/wp-json\/wp\/v2\/media?parent=18909"}],"wp:term":[{"taxonomy":"product_brand","embeddable":true,"href":"https:\/\/www.hml-fetish.de\/shop\/fr\/wp-json\/wp\/v2\/product_brand?post=18909"},{"taxonomy":"product_cat","embeddable":true,"href":"https:\/\/www.hml-fetish.de\/shop\/fr\/wp-json\/wp\/v2\/product_cat?post=18909"},{"taxonomy":"product_tag","embeddable":true,"href":"https:\/\/www.hml-fetish.de\/shop\/fr\/wp-json\/wp\/v2\/product_tag?post=18909"}],"curies":[{"name":"wp","href":"https:\/\/api.w.org\/{rel}","templated":true}]}}