{"id":18866,"date":"2022-01-23T22:50:43","date_gmt":"2022-01-23T21:50:43","guid":{"rendered":"https:\/\/www.hml-fetish.de\/shop\/connecteur-de-hog-tie\/"},"modified":"2022-01-23T22:50:43","modified_gmt":"2022-01-23T21:50:43","slug":"connecteur-de-hog-tie","status":"publish","type":"product","link":"https:\/\/www.hml-fetish.de\/shop\/fr\/connecteur-de-hog-tie\/","title":{"rendered":"Connecteur de hog-tie"},"content":{"rendered":"<p><P>Quatre lani\u00e8res de cuir de 25 mm de large, repli\u00e9es, cousues et munies de lourds mousquetons \u00e0 leur extr\u00e9mit\u00e9, forment une croix de liaison \u00e0 laquelle tu peux fixer des menottes pour les mains et les pieds. Un outil pratique pour les d\u00e9placements et indispensable dans chaque salle de jeu. Les sangles en cuir mesurent environ 15 cm de long, sont solidement rivet\u00e9es et reli\u00e9es entre elles par un anneau en acier. Tu les utilises particuli\u00e8rement efficacement en hogtie, c&#8217;est-\u00e0-dire derri\u00e8re le corps de ton partenaire.<\/P><br \/>\n<P>Tu peux obtenir le connecteur en croix au choix individuellement ou dans un set avantageux avec une paire de menottes pour les mains et les pieds, de sorte que tu puisses te lancer imm\u00e9diatement. Le tout en cuir de qualit\u00e9 sup\u00e9rieure et &#8220;made in Germany&#8221;!<\/P><\/p>\n","protected":false},"excerpt":{"rendered":"<h4>Connecteur de hog-tie<\/h4>\n<p><P>Quatre lani\u00e8res de cuir de 25 mm de large, repli\u00e9es, cousues et munies de lourds mousquetons \u00e0 leur extr\u00e9mit\u00e9, forment une croix de liaison \u00e0 laquelle tu peux fixer des menottes pour les mains et les pieds. Un outil pratique pour les d\u00e9placements et indispensable dans chaque salle de jeu. Les sangles en cuir mesurent environ 15 cm de long, sont solidement rivet\u00e9es et reli\u00e9es entre elles par un anneau en acier. Tu les utilises particuli\u00e8rement efficacement en hogtie, c&#8217;est-\u00e0-dire derri\u00e8re le corps de ton partenaire.<\/P><\/p>\n","protected":false},"featured_media":18843,"comment_status":"open","ping_status":"closed","template":"","meta":[],"product_brand":[],"product_cat":[599,690],"product_tag":[4400],"class_list":{"0":"post-18866","1":"product","2":"type-product","3":"status-publish","4":"has-post-thumbnail","6":"product_cat-attaches-en-cuir","7":"product_cat-bondage-fr","8":"product_tag-hml-fetish-original-fr","9":"product_shipping_class-colis-fr","11":"first","12":"instock","13":"taxable","14":"shipping-taxable","15":"purchasable","16":"product-type-variable"},"_links":{"self":[{"href":"https:\/\/www.hml-fetish.de\/shop\/fr\/wp-json\/wp\/v2\/product\/18866","targetHints":{"allow":["GET"]}}],"collection":[{"href":"https:\/\/www.hml-fetish.de\/shop\/fr\/wp-json\/wp\/v2\/product"}],"about":[{"href":"https:\/\/www.hml-fetish.de\/shop\/fr\/wp-json\/wp\/v2\/types\/product"}],"replies":[{"embeddable":true,"href":"https:\/\/www.hml-fetish.de\/shop\/fr\/wp-json\/wp\/v2\/comments?post=18866"}],"version-history":[{"count":0,"href":"https:\/\/www.hml-fetish.de\/shop\/fr\/wp-json\/wp\/v2\/product\/18866\/revisions"}],"wp:featuredmedia":[{"embeddable":true,"href":"https:\/\/www.hml-fetish.de\/shop\/fr\/wp-json\/wp\/v2\/media\/18843"}],"wp:attachment":[{"href":"https:\/\/www.hml-fetish.de\/shop\/fr\/wp-json\/wp\/v2\/media?parent=18866"}],"wp:term":[{"taxonomy":"product_brand","embeddable":true,"href":"https:\/\/www.hml-fetish.de\/shop\/fr\/wp-json\/wp\/v2\/product_brand?post=18866"},{"taxonomy":"product_cat","embeddable":true,"href":"https:\/\/www.hml-fetish.de\/shop\/fr\/wp-json\/wp\/v2\/product_cat?post=18866"},{"taxonomy":"product_tag","embeddable":true,"href":"https:\/\/www.hml-fetish.de\/shop\/fr\/wp-json\/wp\/v2\/product_tag?post=18866"}],"curies":[{"name":"wp","href":"https:\/\/api.w.org\/{rel}","templated":true}]}}