{"id":18811,"date":"2022-01-23T22:50:44","date_gmt":"2022-01-23T21:50:44","guid":{"rendered":"https:\/\/www.hml-fetish.de\/shop\/cage-de-chastete\/"},"modified":"2022-09-23T14:10:48","modified_gmt":"2022-09-23T12:10:48","slug":"cage-de-chastete","status":"publish","type":"product","link":"https:\/\/www.hml-fetish.de\/shop\/fr\/cage-de-chastete\/","title":{"rendered":"Cage de chastet\u00e9"},"content":{"rendered":"<p><P>Un nouveau d\u00e9veloppement en acier inoxydable : une fois mis en place et scell\u00e9 avec le cadenas noir fourni, le tube de chastet\u00e9 ne peut \u00eatre ouvert que par le propri\u00e9taire de la cl\u00e9. La branlette est impossible dans cette construction et le moindre soup\u00e7on d&#8217;\u00e9rection se fait imm\u00e9diatement sentir de mani\u00e8re si d\u00e9sagr\u00e9able que l&#8217;abstinence du porteur est garantie. Comme ce collier de chastet\u00e9 est inoxydable, les douches et l&#8217;hygi\u00e8ne ne posent aucun probl\u00e8me pendant plusieurs jours. Il est seulement pr\u00e9f\u00e9rable d&#8217;\u00e9viter le d\u00e9tecteur de m\u00e9taux \u00e0 l&#8217;a\u00e9roport.<\/P><\/p>\n<p><P>Le harnais lui-m\u00eame est particuli\u00e8rement petit &#8211; seulement 14,5 cm de longueur totale (c\u00f4t\u00e9 sup\u00e9rieur, c\u00f4t\u00e9 inf\u00e9rieur seulement 10,5 cm) pour un diam\u00e8tre de tube de 35 mm &#8211; et peut donc \u00eatre port\u00e9 de mani\u00e8re relativement discr\u00e8te sous un pantalon pas trop serr\u00e9. Le diam\u00e8tre int\u00e9rieur du cockring est de 45 mm.<\/P><\/p>\n","protected":false},"excerpt":{"rendered":"<h4>Cage de chastet\u00e9<\/h4>\n<p><P>Le harnais lui-m\u00eame est particuli\u00e8rement petit &#8211; seulement 14,5 cm de longueur totale (c\u00f4t\u00e9 sup\u00e9rieur, c\u00f4t\u00e9 inf\u00e9rieur seulement 10,5 cm) pour un diam\u00e8tre de tube de 35 mm &#8211; et peut donc \u00eatre port\u00e9 de mani\u00e8re relativement discr\u00e8te sous un pantalon pas trop serr\u00e9. Le diam\u00e8tre int\u00e9rieur du cockring est de 45 mm.<\/P><\/p>\n","protected":false},"featured_media":18795,"comment_status":"open","ping_status":"closed","template":"","meta":[],"product_brand":[],"product_cat":[710],"product_tag":[],"class_list":{"0":"post-18811","1":"product","2":"type-product","3":"status-publish","4":"has-post-thumbnail","6":"product_cat-chastete","7":"product_shipping_class-colis-fr","9":"first","10":"instock","11":"taxable","12":"shipping-taxable","13":"purchasable","14":"product-type-simple"},"_links":{"self":[{"href":"https:\/\/www.hml-fetish.de\/shop\/fr\/wp-json\/wp\/v2\/product\/18811","targetHints":{"allow":["GET"]}}],"collection":[{"href":"https:\/\/www.hml-fetish.de\/shop\/fr\/wp-json\/wp\/v2\/product"}],"about":[{"href":"https:\/\/www.hml-fetish.de\/shop\/fr\/wp-json\/wp\/v2\/types\/product"}],"replies":[{"embeddable":true,"href":"https:\/\/www.hml-fetish.de\/shop\/fr\/wp-json\/wp\/v2\/comments?post=18811"}],"version-history":[{"count":0,"href":"https:\/\/www.hml-fetish.de\/shop\/fr\/wp-json\/wp\/v2\/product\/18811\/revisions"}],"wp:featuredmedia":[{"embeddable":true,"href":"https:\/\/www.hml-fetish.de\/shop\/fr\/wp-json\/wp\/v2\/media\/18795"}],"wp:attachment":[{"href":"https:\/\/www.hml-fetish.de\/shop\/fr\/wp-json\/wp\/v2\/media?parent=18811"}],"wp:term":[{"taxonomy":"product_brand","embeddable":true,"href":"https:\/\/www.hml-fetish.de\/shop\/fr\/wp-json\/wp\/v2\/product_brand?post=18811"},{"taxonomy":"product_cat","embeddable":true,"href":"https:\/\/www.hml-fetish.de\/shop\/fr\/wp-json\/wp\/v2\/product_cat?post=18811"},{"taxonomy":"product_tag","embeddable":true,"href":"https:\/\/www.hml-fetish.de\/shop\/fr\/wp-json\/wp\/v2\/product_tag?post=18811"}],"curies":[{"name":"wp","href":"https:\/\/api.w.org\/{rel}","templated":true}]}}