{"id":18783,"date":"2022-01-23T22:50:45","date_gmt":"2022-01-23T21:50:45","guid":{"rendered":"https:\/\/www.hml-fetish.de\/shop\/harnais-de-chastete-en-cuir\/"},"modified":"2023-05-31T17:16:57","modified_gmt":"2023-05-31T15:16:57","slug":"harnais-de-chastete-en-cuir","status":"publish","type":"product","link":"https:\/\/www.hml-fetish.de\/shop\/fr\/harnais-de-chastete-en-cuir\/","title":{"rendered":"Harnais de chastet\u00e9 en cuir"},"content":{"rendered":"<p>Nouveau et uniquement disponible chez nous ! Une construction que nous avons d\u00e9velopp\u00e9e au cours de longues s\u00e9ries de tests, compos\u00e9e de sangles en cuir et de m\u00e9tal, dans lesquelles la queue et les couilles sont ferm\u00e9es pour la journ\u00e9e, afin que le petit ne se fasse pas de mauvaises id\u00e9es. Le harnais, fabriqu\u00e9 dans notre propre atelier, est particuli\u00e8rement ajust\u00e9 et peut \u00eatre ferm\u00e9 \u00e0 l&#8217;aide d&#8217;un seul cadenas pour \u00e9viter tout acc\u00e8s. Les pi\u00e8ces m\u00e9talliques sont exemptes de rouille et de nickel.<\/p>\n<p>Deux tailles sont disponibles : La taille M est un peu plus courte, avec un anneau de 30 mm pour le gland, et convient aux pr\u00e9servatifs de taille S et M. La taille L a un anneau de 35 mm, est un peu plus spacieuse et couvre les tailles L et XL.<\/p>\n<p><img decoding=\"async\" title=\"Tableau des tailles\" src=\"\/GIF\/size_KO91.gif\" alt=\"Tableau des tailles\" width=\"102\" height=\"174\" border=\"0\" \/><\/p>\n<p><a href=\"https:\/\/www.toytorture.com\/hml-leather-chastity-harness\/\" target=\"nouveau\" rel=\"noopener\">Vous voulez savoir comment ce harnais de chastet\u00e9 exclusif se comporte \u00e0 l&#8217;usage ? Tu trouveras ici un article en anglais sur le sujet qui vaut la peine d&#8217;\u00eatre lu. Cette revue montre clairement la valeur ajout\u00e9e du &#8220;made in Germany&#8221;. Et maintenant, amuse-toi bien \u00e0 jouer \u00e0 ce jeu d&#8217;enfer!<\/a><\/p>\n","protected":false},"excerpt":{"rendered":"<h4>Harnais de chastet\u00e9 en cuir<\/h4>\n<p>Nouveau et uniquement disponible chez nous ! Une construction que nous avons d\u00e9velopp\u00e9e au cours de longues s\u00e9ries de tests, compos\u00e9e de sangles en cuir et de m\u00e9tal, dans lesquelles la queue et les couilles sont ferm\u00e9es pour la journ\u00e9e, afin que le petit ne se fasse pas de mauvaises id\u00e9es. Le harnais, fabriqu\u00e9 dans notre propre atelier, est particuli\u00e8rement ajust\u00e9 et peut \u00eatre ferm\u00e9 \u00e0 l&#8217;aide d&#8217;un seul cadenas pour \u00e9viter tout acc\u00e8s. Les pi\u00e8ces m\u00e9talliques sont exemptes de rouille et de nickel.<\/p>\n","protected":false},"featured_media":18760,"comment_status":"open","ping_status":"closed","template":"","meta":[],"product_brand":[],"product_cat":[606,710,736],"product_tag":[4400],"class_list":{"0":"post-18783","1":"product","2":"type-product","3":"status-publish","4":"has-post-thumbnail","6":"product_cat-accessoires-fr-2-fr","7":"product_cat-chastete","8":"product_cat-nouveau-hml","9":"product_tag-hml-fetish-original-fr","10":"product_shipping_class-lettre","12":"first","13":"instock","14":"taxable","15":"shipping-taxable","16":"purchasable","17":"product-type-variable"},"_links":{"self":[{"href":"https:\/\/www.hml-fetish.de\/shop\/fr\/wp-json\/wp\/v2\/product\/18783","targetHints":{"allow":["GET"]}}],"collection":[{"href":"https:\/\/www.hml-fetish.de\/shop\/fr\/wp-json\/wp\/v2\/product"}],"about":[{"href":"https:\/\/www.hml-fetish.de\/shop\/fr\/wp-json\/wp\/v2\/types\/product"}],"replies":[{"embeddable":true,"href":"https:\/\/www.hml-fetish.de\/shop\/fr\/wp-json\/wp\/v2\/comments?post=18783"}],"version-history":[{"count":0,"href":"https:\/\/www.hml-fetish.de\/shop\/fr\/wp-json\/wp\/v2\/product\/18783\/revisions"}],"wp:featuredmedia":[{"embeddable":true,"href":"https:\/\/www.hml-fetish.de\/shop\/fr\/wp-json\/wp\/v2\/media\/18760"}],"wp:attachment":[{"href":"https:\/\/www.hml-fetish.de\/shop\/fr\/wp-json\/wp\/v2\/media?parent=18783"}],"wp:term":[{"taxonomy":"product_brand","embeddable":true,"href":"https:\/\/www.hml-fetish.de\/shop\/fr\/wp-json\/wp\/v2\/product_brand?post=18783"},{"taxonomy":"product_cat","embeddable":true,"href":"https:\/\/www.hml-fetish.de\/shop\/fr\/wp-json\/wp\/v2\/product_cat?post=18783"},{"taxonomy":"product_tag","embeddable":true,"href":"https:\/\/www.hml-fetish.de\/shop\/fr\/wp-json\/wp\/v2\/product_tag?post=18783"}],"curies":[{"name":"wp","href":"https:\/\/api.w.org\/{rel}","templated":true}]}}