{"id":18660,"date":"2022-01-23T22:50:45","date_gmt":"2022-01-23T21:50:45","guid":{"rendered":"https:\/\/www.hml-fetish.de\/shop\/ecarteur-de-bouche\/"},"modified":"2022-04-06T18:37:55","modified_gmt":"2022-04-06T16:37:55","slug":"ecarteur-de-bouche","status":"publish","type":"product","link":"https:\/\/www.hml-fetish.de\/shop\/fr\/ecarteur-de-bouche\/","title":{"rendered":"\u00c9carteur de bouche"},"content":{"rendered":"<p>\u00c9carteur de bouche simple avec double blocage \u00e0 l&#8217;avant, largeur d&#8217;ouverture d&#8217;environ 50 \u00e0 60 mm. Parmi notre s\u00e9lection d&#8217;instruments m\u00e9dicaux, nous te pr\u00e9sentons ici un \u00e9carteur de bouche &#8220;Whitehead&#8221; \u00e0 l&#8217;aspect tranchant. Cette version extra-large avec un arr\u00eat de langue t&#8217;emp\u00eache efficacement de t&#8217;opposer \u00e0 l&#8217;apport de nourriture et de liquide.<\/p>\n","protected":false},"excerpt":{"rendered":"<h4>\u00c9carteur de bouche<\/h4>\n<p>Parmi notre s\u00e9lection d&#8217;instruments m\u00e9dicaux, nous te pr\u00e9sentons ici un \u00e9carteur de bouche &#8220;Whitehead&#8221; \u00e0 l&#8217;aspect tranchant. Cette version extra-large avec un arr\u00eat de langue t&#8217;emp\u00eache efficacement de t&#8217;opposer \u00e0 l&#8217;apport de nourriture et de liquide.<\/p>\n","protected":false},"featured_media":18654,"comment_status":"open","ping_status":"closed","template":"","meta":[],"product_brand":[],"product_cat":[690,714],"product_tag":[],"class_list":{"0":"post-18660","1":"product","2":"type-product","3":"status-publish","4":"has-post-thumbnail","6":"product_cat-bondage-fr","7":"product_cat-dungeon-fr","8":"product_shipping_class-colis-fr","10":"first","11":"instock","12":"taxable","13":"shipping-taxable","14":"purchasable","15":"product-type-simple"},"_links":{"self":[{"href":"https:\/\/www.hml-fetish.de\/shop\/fr\/wp-json\/wp\/v2\/product\/18660","targetHints":{"allow":["GET"]}}],"collection":[{"href":"https:\/\/www.hml-fetish.de\/shop\/fr\/wp-json\/wp\/v2\/product"}],"about":[{"href":"https:\/\/www.hml-fetish.de\/shop\/fr\/wp-json\/wp\/v2\/types\/product"}],"replies":[{"embeddable":true,"href":"https:\/\/www.hml-fetish.de\/shop\/fr\/wp-json\/wp\/v2\/comments?post=18660"}],"version-history":[{"count":0,"href":"https:\/\/www.hml-fetish.de\/shop\/fr\/wp-json\/wp\/v2\/product\/18660\/revisions"}],"wp:featuredmedia":[{"embeddable":true,"href":"https:\/\/www.hml-fetish.de\/shop\/fr\/wp-json\/wp\/v2\/media\/18654"}],"wp:attachment":[{"href":"https:\/\/www.hml-fetish.de\/shop\/fr\/wp-json\/wp\/v2\/media?parent=18660"}],"wp:term":[{"taxonomy":"product_brand","embeddable":true,"href":"https:\/\/www.hml-fetish.de\/shop\/fr\/wp-json\/wp\/v2\/product_brand?post=18660"},{"taxonomy":"product_cat","embeddable":true,"href":"https:\/\/www.hml-fetish.de\/shop\/fr\/wp-json\/wp\/v2\/product_cat?post=18660"},{"taxonomy":"product_tag","embeddable":true,"href":"https:\/\/www.hml-fetish.de\/shop\/fr\/wp-json\/wp\/v2\/product_tag?post=18660"}],"curies":[{"name":"wp","href":"https:\/\/api.w.org\/{rel}","templated":true}]}}