{"id":18557,"date":"2022-01-23T22:50:55","date_gmt":"2022-01-23T21:50:55","guid":{"rendered":"https:\/\/www.hml-fetish.de\/shop\/preservativ-anatomique-epais-1-mm\/"},"modified":"2022-09-23T13:42:23","modified_gmt":"2022-09-23T11:42:23","slug":"preservativ-anatomique-epais-1-mm","status":"publish","type":"product","link":"https:\/\/www.hml-fetish.de\/shop\/fr\/preservativ-anatomique-epais-1-mm\/","title":{"rendered":"Pr\u00e9servativ anatomique \u00e9pais 1 mm"},"content":{"rendered":"<p>Moul\u00e9 en latex noir. Avec une \u00e9paisseur de caoutchouc d&#8217;environ 1 mm, extr\u00eamement solide et tr\u00e8s r\u00e9sistant. R\u00e9siste \u00e0 presque tout. Se tient particuli\u00e8rement bien. Tu as besoin de beaucoup de lubrifiant pour te glisser \u00e0 l&#8217;int\u00e9rieur et tu ne dois pas \u00eatre trop gros ! Nous te proposons deux versions : une version simple, ferm\u00e9e \u00e0 l&#8217;avant, et une version ouverte avec un tube pour pisser \u00e0 l&#8217;extr\u00e9mit\u00e9. C&#8217;est surtout la deuxi\u00e8me version qui t&#8217;offre des possibilit\u00e9s int\u00e9ressantes ! As-tu d\u00e9j\u00e0 essay\u00e9 de pisser avec une latte ?<\/p>\n","protected":false},"excerpt":{"rendered":"<h4>Pr\u00e9servativ anatomique \u00e9pais 1 mm<\/h4>\n<p>Moul\u00e9 en latex noir. Avec une \u00e9paisseur de caoutchouc d&#8217;environ 1 mm, extr\u00eamement solide et tr\u00e8s r\u00e9sistant. R\u00e9siste \u00e0 presque tout. Se tient particuli\u00e8rement bien. Tu as besoin de beaucoup de lubrifiant pour te glisser \u00e0 l&#8217;int\u00e9rieur et tu ne dois pas \u00eatre trop gros !<\/p>\n","protected":false},"featured_media":18543,"comment_status":"open","ping_status":"closed","template":"","meta":[],"product_brand":[],"product_cat":[624,697,702],"product_tag":[],"class_list":{"0":"post-18557","1":"product","2":"type-product","3":"status-publish","4":"has-post-thumbnail","6":"product_cat-accessoires-en-latex","7":"product_cat-cbt-fr","8":"product_cat-preservatifs-gels","9":"product_shipping_class-lettre","11":"first","12":"instock","13":"taxable","14":"shipping-taxable","15":"purchasable","16":"product-type-variable"},"_links":{"self":[{"href":"https:\/\/www.hml-fetish.de\/shop\/fr\/wp-json\/wp\/v2\/product\/18557","targetHints":{"allow":["GET"]}}],"collection":[{"href":"https:\/\/www.hml-fetish.de\/shop\/fr\/wp-json\/wp\/v2\/product"}],"about":[{"href":"https:\/\/www.hml-fetish.de\/shop\/fr\/wp-json\/wp\/v2\/types\/product"}],"replies":[{"embeddable":true,"href":"https:\/\/www.hml-fetish.de\/shop\/fr\/wp-json\/wp\/v2\/comments?post=18557"}],"version-history":[{"count":0,"href":"https:\/\/www.hml-fetish.de\/shop\/fr\/wp-json\/wp\/v2\/product\/18557\/revisions"}],"wp:featuredmedia":[{"embeddable":true,"href":"https:\/\/www.hml-fetish.de\/shop\/fr\/wp-json\/wp\/v2\/media\/18543"}],"wp:attachment":[{"href":"https:\/\/www.hml-fetish.de\/shop\/fr\/wp-json\/wp\/v2\/media?parent=18557"}],"wp:term":[{"taxonomy":"product_brand","embeddable":true,"href":"https:\/\/www.hml-fetish.de\/shop\/fr\/wp-json\/wp\/v2\/product_brand?post=18557"},{"taxonomy":"product_cat","embeddable":true,"href":"https:\/\/www.hml-fetish.de\/shop\/fr\/wp-json\/wp\/v2\/product_cat?post=18557"},{"taxonomy":"product_tag","embeddable":true,"href":"https:\/\/www.hml-fetish.de\/shop\/fr\/wp-json\/wp\/v2\/product_tag?post=18557"}],"curies":[{"name":"wp","href":"https:\/\/api.w.org\/{rel}","templated":true}]}}