{"id":18540,"date":"2022-01-23T22:50:55","date_gmt":"2022-01-23T21:50:55","guid":{"rendered":"https:\/\/www.hml-fetish.de\/shop\/preservativ-anatomique\/"},"modified":"2022-09-23T13:39:01","modified_gmt":"2022-09-23T11:39:01","slug":"preservativ-anatomique","status":"publish","type":"product","link":"https:\/\/www.hml-fetish.de\/shop\/fr\/preservativ-anatomique\/","title":{"rendered":"Pr\u00e9servativ anatomique 0,3 mm"},"content":{"rendered":"<p>En latex noir et de forme anatomique avec un petit r\u00e9servoir \u00e0 l&#8217;extr\u00e9mit\u00e9. Moul\u00e9 dans un mat\u00e9riau d&#8217;environ 0,3 mm d&#8217;\u00e9paisseur et avec une surface lisse. Il est presque aussi facile \u00e0 enfiler qu&#8217;un vrai pr\u00e9servatif, tout en \u00e9tant r\u00e9utilisable.<\/p>\n","protected":false},"excerpt":{"rendered":"<h4>Pr\u00e9servativ anatomique 0,3 mm<\/h4>\n<p>En latex noir et de forme anatomique avec un petit r\u00e9servoir \u00e0 l&#8217;extr\u00e9mit\u00e9. Moul\u00e9 dans un mat\u00e9riau d&#8217;environ 0,3 mm d&#8217;\u00e9paisseur et avec une surface lisse. Il est presque aussi facile \u00e0 enfiler qu&#8217;un vrai pr\u00e9servatif, tout en \u00e9tant r\u00e9utilisable.<\/p>\n","protected":false},"featured_media":18533,"comment_status":"open","ping_status":"closed","template":"","meta":[],"product_brand":[],"product_cat":[624,732,702],"product_tag":[],"class_list":{"0":"post-18540","1":"product","2":"type-product","3":"status-publish","4":"has-post-thumbnail","6":"product_cat-accessoires-en-latex","7":"product_cat-best-seller","8":"product_cat-preservatifs-gels","9":"product_shipping_class-lettre","11":"first","12":"instock","13":"taxable","14":"shipping-taxable","15":"purchasable","16":"product-type-simple"},"_links":{"self":[{"href":"https:\/\/www.hml-fetish.de\/shop\/fr\/wp-json\/wp\/v2\/product\/18540","targetHints":{"allow":["GET"]}}],"collection":[{"href":"https:\/\/www.hml-fetish.de\/shop\/fr\/wp-json\/wp\/v2\/product"}],"about":[{"href":"https:\/\/www.hml-fetish.de\/shop\/fr\/wp-json\/wp\/v2\/types\/product"}],"replies":[{"embeddable":true,"href":"https:\/\/www.hml-fetish.de\/shop\/fr\/wp-json\/wp\/v2\/comments?post=18540"}],"version-history":[{"count":0,"href":"https:\/\/www.hml-fetish.de\/shop\/fr\/wp-json\/wp\/v2\/product\/18540\/revisions"}],"wp:featuredmedia":[{"embeddable":true,"href":"https:\/\/www.hml-fetish.de\/shop\/fr\/wp-json\/wp\/v2\/media\/18533"}],"wp:attachment":[{"href":"https:\/\/www.hml-fetish.de\/shop\/fr\/wp-json\/wp\/v2\/media?parent=18540"}],"wp:term":[{"taxonomy":"product_brand","embeddable":true,"href":"https:\/\/www.hml-fetish.de\/shop\/fr\/wp-json\/wp\/v2\/product_brand?post=18540"},{"taxonomy":"product_cat","embeddable":true,"href":"https:\/\/www.hml-fetish.de\/shop\/fr\/wp-json\/wp\/v2\/product_cat?post=18540"},{"taxonomy":"product_tag","embeddable":true,"href":"https:\/\/www.hml-fetish.de\/shop\/fr\/wp-json\/wp\/v2\/product_tag?post=18540"}],"curies":[{"name":"wp","href":"https:\/\/api.w.org\/{rel}","templated":true}]}}