{"id":18444,"date":"2022-01-23T22:50:58","date_gmt":"2022-01-23T21:50:58","guid":{"rendered":"https:\/\/www.hml-fetish.de\/shop\/stylo-a-bille-gratuit\/"},"modified":"2022-01-23T22:50:58","modified_gmt":"2022-01-23T21:50:58","slug":"stylo-a-bille-gratuit","status":"publish","type":"product","link":"https:\/\/www.hml-fetish.de\/shop\/fr\/stylo-a-bille-gratuit\/","title":{"rendered":"Stylo \u00e0 bille gratuit"},"content":{"rendered":"<p>Il suffit de le commander : Nous joignons volontiers un exemplaire gratuit \u00e0 ta commande. Choisis le stylo argent\u00e9 HML Fetish ou le stylo Mike Gorden (nous choisissons la couleur).<\/p>\n","protected":false},"excerpt":{"rendered":"<h4>Stylo \u00e0 bille gratuit<\/h4>\n<p>Il suffit de le commander : Nous joignons volontiers un exemplaire gratuit \u00e0 ta commande. Choisis le stylo argent\u00e9 HML Fetish ou le stylo Mike Gorden (nous choisissons la couleur).<\/p>\n","protected":false},"featured_media":18435,"comment_status":"open","ping_status":"closed","template":"","meta":[],"product_brand":[],"product_cat":[737],"product_tag":[],"class_list":{"0":"post-18444","1":"product","2":"type-product","3":"status-publish","4":"has-post-thumbnail","6":"product_cat-offert-pour-toute-commande","7":"product_shipping_class-lettre","9":"first","10":"instock","11":"sold-individually","12":"taxable","13":"shipping-taxable","14":"purchasable","15":"product-type-variable"},"_links":{"self":[{"href":"https:\/\/www.hml-fetish.de\/shop\/fr\/wp-json\/wp\/v2\/product\/18444","targetHints":{"allow":["GET"]}}],"collection":[{"href":"https:\/\/www.hml-fetish.de\/shop\/fr\/wp-json\/wp\/v2\/product"}],"about":[{"href":"https:\/\/www.hml-fetish.de\/shop\/fr\/wp-json\/wp\/v2\/types\/product"}],"replies":[{"embeddable":true,"href":"https:\/\/www.hml-fetish.de\/shop\/fr\/wp-json\/wp\/v2\/comments?post=18444"}],"version-history":[{"count":0,"href":"https:\/\/www.hml-fetish.de\/shop\/fr\/wp-json\/wp\/v2\/product\/18444\/revisions"}],"wp:featuredmedia":[{"embeddable":true,"href":"https:\/\/www.hml-fetish.de\/shop\/fr\/wp-json\/wp\/v2\/media\/18435"}],"wp:attachment":[{"href":"https:\/\/www.hml-fetish.de\/shop\/fr\/wp-json\/wp\/v2\/media?parent=18444"}],"wp:term":[{"taxonomy":"product_brand","embeddable":true,"href":"https:\/\/www.hml-fetish.de\/shop\/fr\/wp-json\/wp\/v2\/product_brand?post=18444"},{"taxonomy":"product_cat","embeddable":true,"href":"https:\/\/www.hml-fetish.de\/shop\/fr\/wp-json\/wp\/v2\/product_cat?post=18444"},{"taxonomy":"product_tag","embeddable":true,"href":"https:\/\/www.hml-fetish.de\/shop\/fr\/wp-json\/wp\/v2\/product_tag?post=18444"}],"curies":[{"name":"wp","href":"https:\/\/api.w.org\/{rel}","templated":true}]}}