{"id":18374,"date":"2022-01-23T22:50:59","date_gmt":"2022-01-23T21:50:59","guid":{"rendered":"https:\/\/www.hml-fetish.de\/shop\/clip-de-cravate\/"},"modified":"2023-05-16T21:27:39","modified_gmt":"2023-05-16T19:27:39","slug":"clip-de-cravate","status":"publish","type":"product","link":"https:\/\/www.hml-fetish.de\/shop\/fr\/clip-de-cravate\/","title":{"rendered":"Clip de cravate"},"content":{"rendered":"<p>Ce clip est enti\u00e8rement en m\u00e9tal et nickel\u00e9 brillant. Un must-have pour ta tenue de police, mais aussi tr\u00e8s d\u00e9coratif lors d&#8217;un repas d&#8217;affaires. Tu peux choisir entre deux versions : tout \u00e0 fait simple ou avec des menottes.<\/P><br \/>\n<P>Ce badge n&#8217;est pas seulement joli. Il a aussi une fonction : il te permet d&#8217;attacher ta cravate \u00e0 ta chemise. Ainsi, elle ne glisse pas et ne tombe pas dans ton assiette lorsque tu te penches !<\/p>\n","protected":false},"excerpt":{"rendered":"<h4>Clip de cravate<\/h4>\n<p>Ce clip est enti\u00e8rement en m\u00e9tal et nickel\u00e9 brillant. Un must-have pour ta tenue de police, mais aussi tr\u00e8s d\u00e9coratif lors d&#8217;un repas d&#8217;affaires. Tu peux choisir entre deux versions : tout \u00e0 fait simple ou avec des menottes.<\/p>\n","protected":false},"featured_media":18350,"comment_status":"open","ping_status":"closed","template":"","meta":[],"product_brand":[],"product_cat":[649,636,648],"product_tag":[],"class_list":{"0":"post-18374","1":"product","2":"type-product","3":"status-publish","4":"has-post-thumbnail","6":"product_cat-accessoires-fr","7":"product_cat-cravates","8":"product_cat-emblemes","9":"product_shipping_class-lettre","11":"first","12":"instock","13":"taxable","14":"shipping-taxable","15":"purchasable","16":"product-type-variable","17":"has-default-attributes"},"_links":{"self":[{"href":"https:\/\/www.hml-fetish.de\/shop\/fr\/wp-json\/wp\/v2\/product\/18374","targetHints":{"allow":["GET"]}}],"collection":[{"href":"https:\/\/www.hml-fetish.de\/shop\/fr\/wp-json\/wp\/v2\/product"}],"about":[{"href":"https:\/\/www.hml-fetish.de\/shop\/fr\/wp-json\/wp\/v2\/types\/product"}],"replies":[{"embeddable":true,"href":"https:\/\/www.hml-fetish.de\/shop\/fr\/wp-json\/wp\/v2\/comments?post=18374"}],"version-history":[{"count":0,"href":"https:\/\/www.hml-fetish.de\/shop\/fr\/wp-json\/wp\/v2\/product\/18374\/revisions"}],"wp:featuredmedia":[{"embeddable":true,"href":"https:\/\/www.hml-fetish.de\/shop\/fr\/wp-json\/wp\/v2\/media\/18350"}],"wp:attachment":[{"href":"https:\/\/www.hml-fetish.de\/shop\/fr\/wp-json\/wp\/v2\/media?parent=18374"}],"wp:term":[{"taxonomy":"product_brand","embeddable":true,"href":"https:\/\/www.hml-fetish.de\/shop\/fr\/wp-json\/wp\/v2\/product_brand?post=18374"},{"taxonomy":"product_cat","embeddable":true,"href":"https:\/\/www.hml-fetish.de\/shop\/fr\/wp-json\/wp\/v2\/product_cat?post=18374"},{"taxonomy":"product_tag","embeddable":true,"href":"https:\/\/www.hml-fetish.de\/shop\/fr\/wp-json\/wp\/v2\/product_tag?post=18374"}],"curies":[{"name":"wp","href":"https:\/\/api.w.org\/{rel}","templated":true}]}}