{"id":18345,"date":"2022-01-23T22:50:59","date_gmt":"2022-01-23T21:50:59","guid":{"rendered":"https:\/\/www.hml-fetish.de\/shop\/insigne-p-d\/"},"modified":"2022-08-23T17:52:12","modified_gmt":"2022-08-23T15:52:12","slug":"insigne-p-d","status":"publish","type":"product","link":"https:\/\/www.hml-fetish.de\/shop\/fr\/insigne-p-d\/","title":{"rendered":"Insigne P.D."},"content":{"rendered":"<p>Pin&#8217;s en m\u00e9tal pour le col de la chemise de police. P.D. pour Police Department. Mod\u00e8le solide avec deux goupilles de fixation. Disponible en or ou en nickel-argent. Livr\u00e9 par paire.<\/p>\n","protected":false},"excerpt":{"rendered":"<h4>Insigne P.D.<\/h4>\n<p>Pin&#8217;s en m\u00e9tal pour le col de la chemise de police. P.D. pour Police Department. Mod\u00e8le solide avec deux goupilles de fixation. Disponible en or ou en nickel-argent. Livr\u00e9 par paire.<\/P><\/p>\n","protected":false},"featured_media":18328,"comment_status":"open","ping_status":"closed","template":"","meta":[],"product_brand":[],"product_cat":[648,752],"product_tag":[],"class_list":{"0":"post-18345","1":"product","2":"type-product","3":"status-publish","4":"has-post-thumbnail","6":"product_cat-emblemes","7":"product_cat-fin-de-serie","8":"product_shipping_class-lettre","10":"first","11":"instock","12":"taxable","13":"shipping-taxable","14":"purchasable","15":"product-type-variable"},"_links":{"self":[{"href":"https:\/\/www.hml-fetish.de\/shop\/fr\/wp-json\/wp\/v2\/product\/18345","targetHints":{"allow":["GET"]}}],"collection":[{"href":"https:\/\/www.hml-fetish.de\/shop\/fr\/wp-json\/wp\/v2\/product"}],"about":[{"href":"https:\/\/www.hml-fetish.de\/shop\/fr\/wp-json\/wp\/v2\/types\/product"}],"replies":[{"embeddable":true,"href":"https:\/\/www.hml-fetish.de\/shop\/fr\/wp-json\/wp\/v2\/comments?post=18345"}],"version-history":[{"count":0,"href":"https:\/\/www.hml-fetish.de\/shop\/fr\/wp-json\/wp\/v2\/product\/18345\/revisions"}],"wp:featuredmedia":[{"embeddable":true,"href":"https:\/\/www.hml-fetish.de\/shop\/fr\/wp-json\/wp\/v2\/media\/18328"}],"wp:attachment":[{"href":"https:\/\/www.hml-fetish.de\/shop\/fr\/wp-json\/wp\/v2\/media?parent=18345"}],"wp:term":[{"taxonomy":"product_brand","embeddable":true,"href":"https:\/\/www.hml-fetish.de\/shop\/fr\/wp-json\/wp\/v2\/product_brand?post=18345"},{"taxonomy":"product_cat","embeddable":true,"href":"https:\/\/www.hml-fetish.de\/shop\/fr\/wp-json\/wp\/v2\/product_cat?post=18345"},{"taxonomy":"product_tag","embeddable":true,"href":"https:\/\/www.hml-fetish.de\/shop\/fr\/wp-json\/wp\/v2\/product_tag?post=18345"}],"curies":[{"name":"wp","href":"https:\/\/api.w.org\/{rel}","templated":true}]}}