{"id":18323,"date":"2022-01-23T22:50:59","date_gmt":"2022-01-23T21:50:59","guid":{"rendered":"https:\/\/www.hml-fetish.de\/shop\/captain-pin-fr\/"},"modified":"2022-01-23T22:50:59","modified_gmt":"2022-01-23T21:50:59","slug":"captain-pin-fr","status":"publish","type":"product","link":"https:\/\/www.hml-fetish.de\/shop\/fr\/captain-pin-fr\/","title":{"rendered":"Captain Pin"},"content":{"rendered":"<p>Les deux barres bien connues pour le grade de capitaine. Solidement fabriqu\u00e9es en m\u00e9tal, avec deux goupilles de fixation au dos. Disponible en dor\u00e9 et en argent\u00e9. Tu re\u00e7ois une paire pour le col de la chemise.<\/p>\n","protected":false},"excerpt":{"rendered":"<h4>Captain Pin<\/h4>\n<p>Les deux barres bien connues pour le grade de capitaine. Solidement fabriqu\u00e9es en m\u00e9tal, avec deux goupilles de fixation au dos. Disponible en dor\u00e9 et en argent\u00e9. Tu re\u00e7ois une paire pour le col de la chemise.\/p><\/p>\n","protected":false},"featured_media":18304,"comment_status":"open","ping_status":"closed","template":"","meta":[],"product_brand":[],"product_cat":[648,752],"product_tag":[],"class_list":{"0":"post-18323","1":"product","2":"type-product","3":"status-publish","4":"has-post-thumbnail","6":"product_cat-emblemes","7":"product_cat-fin-de-serie","8":"product_shipping_class-lettre","10":"first","11":"instock","12":"taxable","13":"shipping-taxable","14":"purchasable","15":"product-type-variable"},"_links":{"self":[{"href":"https:\/\/www.hml-fetish.de\/shop\/fr\/wp-json\/wp\/v2\/product\/18323","targetHints":{"allow":["GET"]}}],"collection":[{"href":"https:\/\/www.hml-fetish.de\/shop\/fr\/wp-json\/wp\/v2\/product"}],"about":[{"href":"https:\/\/www.hml-fetish.de\/shop\/fr\/wp-json\/wp\/v2\/types\/product"}],"replies":[{"embeddable":true,"href":"https:\/\/www.hml-fetish.de\/shop\/fr\/wp-json\/wp\/v2\/comments?post=18323"}],"version-history":[{"count":0,"href":"https:\/\/www.hml-fetish.de\/shop\/fr\/wp-json\/wp\/v2\/product\/18323\/revisions"}],"wp:featuredmedia":[{"embeddable":true,"href":"https:\/\/www.hml-fetish.de\/shop\/fr\/wp-json\/wp\/v2\/media\/18304"}],"wp:attachment":[{"href":"https:\/\/www.hml-fetish.de\/shop\/fr\/wp-json\/wp\/v2\/media?parent=18323"}],"wp:term":[{"taxonomy":"product_brand","embeddable":true,"href":"https:\/\/www.hml-fetish.de\/shop\/fr\/wp-json\/wp\/v2\/product_brand?post=18323"},{"taxonomy":"product_cat","embeddable":true,"href":"https:\/\/www.hml-fetish.de\/shop\/fr\/wp-json\/wp\/v2\/product_cat?post=18323"},{"taxonomy":"product_tag","embeddable":true,"href":"https:\/\/www.hml-fetish.de\/shop\/fr\/wp-json\/wp\/v2\/product_tag?post=18323"}],"curies":[{"name":"wp","href":"https:\/\/api.w.org\/{rel}","templated":true}]}}