{"id":18152,"date":"2022-01-23T22:51:00","date_gmt":"2022-01-23T21:51:00","guid":{"rendered":"https:\/\/www.hml-fetish.de\/shop\/noeud-papillon-en-cuir\/"},"modified":"2025-07-26T14:02:36","modified_gmt":"2025-07-26T12:02:36","slug":"noeud-papillon-en-cuir","status":"publish","type":"product","link":"https:\/\/www.hml-fetish.de\/shop\/fr\/noeud-papillon-en-cuir\/","title":{"rendered":"N\u0153ud papillon en cuir"},"content":{"rendered":"<p><P>Une collection de cravates en cuir fin et souple. Ou alternativement le n\u0153ud papillon. Que vous portiez un uniforme de sortie, une chemise de ville ou que vous dansiez torse nu : ce n\u0153ud papillon vient parfaire votre look ! La sangle de fixation peut \u00eatre ajust\u00e9e \u00e0 votre taille gr\u00e2ce \u00e0 des boutons-pression. Vous pouvez \u00e9galement raccourcir les sangles portant les boutons ext\u00e9rieurs si de besoin.<\/P><br \/>\n<P><B>S\u00e9curit\u00e9 du produit:<\/B><BR>.<br \/>\nInformation sur les allergies : mat\u00e9riau cuir de vachette\/cuir de mouton, les parties m\u00e9talliques en contact avec la peau sont exemptes de rouille et de nickel<BR>.<br \/>\nPersonne responsable:<BR><br \/>\nHML, propri\u00e9taire Dr. Detlef Moller<BR><br \/>\nNeukirchstra\u00dfe 18<BR><br \/>\n28215 Br\u00eame<BR><br \/>\nAllemagne<BR><br \/>\ninfo@hml-fetish.de<\/P><\/p>\n","protected":false},"excerpt":{"rendered":"<h4>N\u0153ud papillon en cuir<\/h4>\n<p>Une collection de cravates en cuir fin et souple. Ou alternativement le n\u0153ud papillon. Que vous portiez un uniforme de sortie, une chemise de ville ou que vous dansiez torse nu : ce n\u0153ud papillon vient parfaire votre look ! La sangle de fixation peut \u00eatre ajust\u00e9e \u00e0 votre taille gr\u00e2ce \u00e0 des boutons-pression. Vous pouvez \u00e9galement raccourcir les sangles portant les boutons ext\u00e9rieurs si de besoin.<\/p>\n","protected":false},"featured_media":18128,"comment_status":"open","ping_status":"closed","template":"","meta":[],"product_brand":[],"product_cat":[590,606,636,736,734],"product_tag":[4400],"class_list":{"0":"post-18152","1":"product","2":"type-product","3":"status-publish","4":"has-post-thumbnail","6":"product_cat-shirts-vestons","7":"product_cat-accessoires-fr-2-fr","8":"product_cat-cravates","9":"product_cat-nouveau-hml","10":"product_cat-promotion","11":"product_tag-hml-fetish-original-fr","12":"product_shipping_class-lettre","14":"first","15":"instock","16":"taxable","17":"shipping-taxable","18":"purchasable","19":"product-type-variable"},"_links":{"self":[{"href":"https:\/\/www.hml-fetish.de\/shop\/fr\/wp-json\/wp\/v2\/product\/18152","targetHints":{"allow":["GET"]}}],"collection":[{"href":"https:\/\/www.hml-fetish.de\/shop\/fr\/wp-json\/wp\/v2\/product"}],"about":[{"href":"https:\/\/www.hml-fetish.de\/shop\/fr\/wp-json\/wp\/v2\/types\/product"}],"replies":[{"embeddable":true,"href":"https:\/\/www.hml-fetish.de\/shop\/fr\/wp-json\/wp\/v2\/comments?post=18152"}],"version-history":[{"count":0,"href":"https:\/\/www.hml-fetish.de\/shop\/fr\/wp-json\/wp\/v2\/product\/18152\/revisions"}],"wp:featuredmedia":[{"embeddable":true,"href":"https:\/\/www.hml-fetish.de\/shop\/fr\/wp-json\/wp\/v2\/media\/18128"}],"wp:attachment":[{"href":"https:\/\/www.hml-fetish.de\/shop\/fr\/wp-json\/wp\/v2\/media?parent=18152"}],"wp:term":[{"taxonomy":"product_brand","embeddable":true,"href":"https:\/\/www.hml-fetish.de\/shop\/fr\/wp-json\/wp\/v2\/product_brand?post=18152"},{"taxonomy":"product_cat","embeddable":true,"href":"https:\/\/www.hml-fetish.de\/shop\/fr\/wp-json\/wp\/v2\/product_cat?post=18152"},{"taxonomy":"product_tag","embeddable":true,"href":"https:\/\/www.hml-fetish.de\/shop\/fr\/wp-json\/wp\/v2\/product_tag?post=18152"}],"curies":[{"name":"wp","href":"https:\/\/api.w.org\/{rel}","templated":true}]}}