{"id":18122,"date":"2022-01-23T22:51:00","date_gmt":"2022-01-23T21:51:00","guid":{"rendered":"https:\/\/www.hml-fetish.de\/shop\/cirage-bufalo\/"},"modified":"2022-01-23T22:51:00","modified_gmt":"2022-01-23T21:51:00","slug":"cirage-bufalo","status":"publish","type":"product","link":"https:\/\/www.hml-fetish.de\/shop\/fr\/cirage-bufalo\/","title":{"rendered":"Cirage B\u00f9falo"},"content":{"rendered":"<p>Shoe Polish noir, sans solvants et hydrofuge, avec cire d&#8217;abeille. Bo\u00eete de 75 ml. Appliquer une fine couche \u00e0 l&#8217;aide d&#8217;une brosse douce en cr\u00e8me, frotter d\u00e9licatement et bien polir ensuite.<\/p>\n","protected":false},"excerpt":{"rendered":"<h4>Cirage B\u00f9falo<\/h4>\n<p>Shoe Polish noir, sans solvants et hydrofuge, avec cire d&#8217;abeille. Bo\u00eete de 75 ml. Appliquer une fine couche \u00e0 l&#8217;aide d&#8217;une brosse douce en cr\u00e8me, frotter d\u00e9licatement et bien polir ensuite.<\/p>\n","protected":false},"featured_media":18112,"comment_status":"open","ping_status":"closed","template":"","meta":[],"product_brand":[],"product_cat":[592,608],"product_tag":[],"class_list":{"0":"post-18122","1":"product","2":"type-product","3":"status-publish","4":"has-post-thumbnail","6":"product_cat-bottes","7":"product_cat-soins-du-cuir","8":"product_shipping_class-lettre","10":"first","11":"instock","12":"taxable","13":"shipping-taxable","14":"purchasable","15":"product-type-simple"},"_links":{"self":[{"href":"https:\/\/www.hml-fetish.de\/shop\/fr\/wp-json\/wp\/v2\/product\/18122","targetHints":{"allow":["GET"]}}],"collection":[{"href":"https:\/\/www.hml-fetish.de\/shop\/fr\/wp-json\/wp\/v2\/product"}],"about":[{"href":"https:\/\/www.hml-fetish.de\/shop\/fr\/wp-json\/wp\/v2\/types\/product"}],"replies":[{"embeddable":true,"href":"https:\/\/www.hml-fetish.de\/shop\/fr\/wp-json\/wp\/v2\/comments?post=18122"}],"version-history":[{"count":0,"href":"https:\/\/www.hml-fetish.de\/shop\/fr\/wp-json\/wp\/v2\/product\/18122\/revisions"}],"wp:featuredmedia":[{"embeddable":true,"href":"https:\/\/www.hml-fetish.de\/shop\/fr\/wp-json\/wp\/v2\/media\/18112"}],"wp:attachment":[{"href":"https:\/\/www.hml-fetish.de\/shop\/fr\/wp-json\/wp\/v2\/media?parent=18122"}],"wp:term":[{"taxonomy":"product_brand","embeddable":true,"href":"https:\/\/www.hml-fetish.de\/shop\/fr\/wp-json\/wp\/v2\/product_brand?post=18122"},{"taxonomy":"product_cat","embeddable":true,"href":"https:\/\/www.hml-fetish.de\/shop\/fr\/wp-json\/wp\/v2\/product_cat?post=18122"},{"taxonomy":"product_tag","embeddable":true,"href":"https:\/\/www.hml-fetish.de\/shop\/fr\/wp-json\/wp\/v2\/product_tag?post=18122"}],"curies":[{"name":"wp","href":"https:\/\/api.w.org\/{rel}","templated":true}]}}