{"id":18093,"date":"2022-01-23T22:51:01","date_gmt":"2022-01-23T21:51:01","guid":{"rendered":"https:\/\/www.hml-fetish.de\/shop\/colorant-noir-pour-cuir\/"},"modified":"2022-01-23T22:51:01","modified_gmt":"2022-01-23T21:51:01","slug":"colorant-noir-pour-cuir","status":"publish","type":"product","link":"https:\/\/www.hml-fetish.de\/shop\/fr\/colorant-noir-pour-cuir\/","title":{"rendered":"Colorant noir pour cuir"},"content":{"rendered":"<p><I>La teinture rapide Solitaire pour cuir<\/i> convient \u00e0 tous les cuirs lisses et grain\u00e9s et aux synth\u00e9tiques. Pour nos v\u00eatements en cuir, harnais, ceintures, etc., tu n&#8217;auras gu\u00e8re besoin de cette teinture sp\u00e9ciale. M\u00eame une \u00e9raflure ne se remarque pas, car leur cuir de vachette est enti\u00e8rement teint\u00e9 dans la masse. Il en va autrement pour les cuirs nus vernis ou les \u00e9raflures et abrasions plus importantes sur les bottes. Le noircissement fait alors des merveilles. Il suffit de l&#8217;appliquer avec le pinceau fourni. Laisser s\u00e9cher toute la nuit, puis appliquer le Shoe Polish et polir soigneusement. Le noir couvre tr\u00e8s bien et r\u00e9siste vraiment \u00e0 l&#8217;usure et ne d\u00e9teint pas. Il est livr\u00e9 dans un flacon de 50 ml avec un pinceau.<\/p>\n","protected":false},"excerpt":{"rendered":"<h4>Colorant noir pour cuir<\/h4>\n<p><I>La teinture rapide Solitaire pour cuir<\/i> convient \u00e0 tous les cuirs lisses et grain\u00e9s et aux synth\u00e9tiques. Il suffit de l&#8217;appliquer avec le pinceau fourni. Laisser s\u00e9cher toute la nuit, puis appliquer le Shoe Polish et polir soigneusement. Le noir couvre tr\u00e8s bien et r\u00e9siste vraiment \u00e0 l&#8217;usure et ne d\u00e9teint pas.<\/p>\n","protected":false},"featured_media":18089,"comment_status":"open","ping_status":"closed","template":"","meta":[],"product_brand":[],"product_cat":[732,608],"product_tag":[],"class_list":{"0":"post-18093","1":"product","2":"type-product","3":"status-publish","4":"has-post-thumbnail","6":"product_cat-best-seller","7":"product_cat-soins-du-cuir","8":"product_shipping_class-colis-fr","10":"first","11":"instock","12":"taxable","13":"shipping-taxable","14":"purchasable","15":"product-type-simple"},"_links":{"self":[{"href":"https:\/\/www.hml-fetish.de\/shop\/fr\/wp-json\/wp\/v2\/product\/18093","targetHints":{"allow":["GET"]}}],"collection":[{"href":"https:\/\/www.hml-fetish.de\/shop\/fr\/wp-json\/wp\/v2\/product"}],"about":[{"href":"https:\/\/www.hml-fetish.de\/shop\/fr\/wp-json\/wp\/v2\/types\/product"}],"replies":[{"embeddable":true,"href":"https:\/\/www.hml-fetish.de\/shop\/fr\/wp-json\/wp\/v2\/comments?post=18093"}],"version-history":[{"count":0,"href":"https:\/\/www.hml-fetish.de\/shop\/fr\/wp-json\/wp\/v2\/product\/18093\/revisions"}],"wp:featuredmedia":[{"embeddable":true,"href":"https:\/\/www.hml-fetish.de\/shop\/fr\/wp-json\/wp\/v2\/media\/18089"}],"wp:attachment":[{"href":"https:\/\/www.hml-fetish.de\/shop\/fr\/wp-json\/wp\/v2\/media?parent=18093"}],"wp:term":[{"taxonomy":"product_brand","embeddable":true,"href":"https:\/\/www.hml-fetish.de\/shop\/fr\/wp-json\/wp\/v2\/product_brand?post=18093"},{"taxonomy":"product_cat","embeddable":true,"href":"https:\/\/www.hml-fetish.de\/shop\/fr\/wp-json\/wp\/v2\/product_cat?post=18093"},{"taxonomy":"product_tag","embeddable":true,"href":"https:\/\/www.hml-fetish.de\/shop\/fr\/wp-json\/wp\/v2\/product_tag?post=18093"}],"curies":[{"name":"wp","href":"https:\/\/api.w.org\/{rel}","templated":true}]}}