{"id":18085,"date":"2022-01-23T22:51:02","date_gmt":"2022-01-23T21:51:02","guid":{"rendered":"https:\/\/www.hml-fetish.de\/shop\/mousse-nettoyant-pour-cuir\/"},"modified":"2022-01-23T22:51:02","modified_gmt":"2022-01-23T21:51:02","slug":"mousse-nettoyant-pour-cuir","status":"publish","type":"product","link":"https:\/\/www.hml-fetish.de\/shop\/fr\/mousse-nettoyant-pour-cuir\/","title":{"rendered":"Mousse nettoyant pour cuir"},"content":{"rendered":"<p>La mousse multi-usages B\u00f9falo est \u00e0 la fois un rafra\u00eechissement des couleurs, un nettoyage et un entretien. Appliquer la mousse sp\u00e9ciale en bombe \u00e0 l&#8217;aide d&#8217;un chiffon doux, laisser agir quelques secondes, puis polir ou brosser soigneusement. Fonctionne \u00e9galement pour les textiles comme les coussins de casque. Tu peux obtenir un a\u00e9rosol de 200 ml avec une buse \u00e0 mousse. Essaye toujours ce type d&#8217;article d&#8217;entretien sur un endroit peu visible !<\/p>\n","protected":false},"excerpt":{"rendered":"<h4>Mousse nettoyant pour cuir<\/h4>\n<p>La mousse multi-usages B\u00f9falo est \u00e0 la fois un rafra\u00eechissement des couleurs, un nettoyage et un entretien. Appliquer la mousse sp\u00e9ciale en bombe \u00e0 l&#8217;aide d&#8217;un chiffon doux, laisser agir quelques secondes, puis polir ou brosser soigneusement.<\/p>\n","protected":false},"featured_media":18081,"comment_status":"open","ping_status":"closed","template":"","meta":[],"product_brand":[],"product_cat":[608],"product_tag":[],"class_list":{"0":"post-18085","1":"product","2":"type-product","3":"status-publish","4":"has-post-thumbnail","6":"product_cat-soins-du-cuir","7":"product_shipping_class-colis-fr","9":"first","10":"instock","11":"taxable","12":"shipping-taxable","13":"purchasable","14":"product-type-simple"},"_links":{"self":[{"href":"https:\/\/www.hml-fetish.de\/shop\/fr\/wp-json\/wp\/v2\/product\/18085","targetHints":{"allow":["GET"]}}],"collection":[{"href":"https:\/\/www.hml-fetish.de\/shop\/fr\/wp-json\/wp\/v2\/product"}],"about":[{"href":"https:\/\/www.hml-fetish.de\/shop\/fr\/wp-json\/wp\/v2\/types\/product"}],"replies":[{"embeddable":true,"href":"https:\/\/www.hml-fetish.de\/shop\/fr\/wp-json\/wp\/v2\/comments?post=18085"}],"version-history":[{"count":0,"href":"https:\/\/www.hml-fetish.de\/shop\/fr\/wp-json\/wp\/v2\/product\/18085\/revisions"}],"wp:featuredmedia":[{"embeddable":true,"href":"https:\/\/www.hml-fetish.de\/shop\/fr\/wp-json\/wp\/v2\/media\/18081"}],"wp:attachment":[{"href":"https:\/\/www.hml-fetish.de\/shop\/fr\/wp-json\/wp\/v2\/media?parent=18085"}],"wp:term":[{"taxonomy":"product_brand","embeddable":true,"href":"https:\/\/www.hml-fetish.de\/shop\/fr\/wp-json\/wp\/v2\/product_brand?post=18085"},{"taxonomy":"product_cat","embeddable":true,"href":"https:\/\/www.hml-fetish.de\/shop\/fr\/wp-json\/wp\/v2\/product_cat?post=18085"},{"taxonomy":"product_tag","embeddable":true,"href":"https:\/\/www.hml-fetish.de\/shop\/fr\/wp-json\/wp\/v2\/product_tag?post=18085"}],"curies":[{"name":"wp","href":"https:\/\/api.w.org\/{rel}","templated":true}]}}