{"id":17859,"date":"2022-01-23T22:51:28","date_gmt":"2022-01-23T21:51:28","guid":{"rendered":"https:\/\/www.hml-fetish.de\/shop\/broche-de-pride-16-x-12-mm\/"},"modified":"2022-01-23T22:51:28","modified_gmt":"2022-01-23T21:51:28","slug":"broche-de-pride-16-x-12-mm","status":"publish","type":"product","link":"https:\/\/www.hml-fetish.de\/shop\/fr\/broche-de-pride-16-x-12-mm\/","title":{"rendered":"Broche de pride 16 x 12 mm"},"content":{"rendered":"<p>Le badge classique pour la prochaine CSD. Petit et discret, il s&#8217;accroche au revers de ta veste ou de ton gilet. Ces badges existent dans les versions suivantes : Gay Pride et Leather Pride.<br \/>\n<BR>Nos pin&#8217;s ont une contre-fiche qui emp\u00eache l&#8217;\u00e9pingle de glisser involontairement. La finition est en \u00e9mail doux &#8211; de fins contours m\u00e9talliques s\u00e9parent toutes les couleurs.<\/p>\n","protected":false},"excerpt":{"rendered":"<h4>Broche de pride 16 x 12 mm<\/h4>\n<p>Le badge classique pour la prochaine CSD. Petit et discret, il s&#8217;accroche au revers de ta veste ou de ton gilet. Ces badges existent dans les versions suivantes : Gay Pride et Leather Pride.<\/p>\n","protected":false},"featured_media":17848,"comment_status":"open","ping_status":"closed","template":"","meta":[],"product_brand":[],"product_cat":[721],"product_tag":[],"class_list":{"0":"post-17859","1":"product","2":"type-product","3":"status-publish","4":"has-post-thumbnail","6":"product_cat-gay-pride-fr","7":"product_shipping_class-lettre","9":"first","10":"instock","11":"taxable","12":"shipping-taxable","13":"purchasable","14":"product-type-variable"},"_links":{"self":[{"href":"https:\/\/www.hml-fetish.de\/shop\/fr\/wp-json\/wp\/v2\/product\/17859","targetHints":{"allow":["GET"]}}],"collection":[{"href":"https:\/\/www.hml-fetish.de\/shop\/fr\/wp-json\/wp\/v2\/product"}],"about":[{"href":"https:\/\/www.hml-fetish.de\/shop\/fr\/wp-json\/wp\/v2\/types\/product"}],"replies":[{"embeddable":true,"href":"https:\/\/www.hml-fetish.de\/shop\/fr\/wp-json\/wp\/v2\/comments?post=17859"}],"version-history":[{"count":0,"href":"https:\/\/www.hml-fetish.de\/shop\/fr\/wp-json\/wp\/v2\/product\/17859\/revisions"}],"wp:featuredmedia":[{"embeddable":true,"href":"https:\/\/www.hml-fetish.de\/shop\/fr\/wp-json\/wp\/v2\/media\/17848"}],"wp:attachment":[{"href":"https:\/\/www.hml-fetish.de\/shop\/fr\/wp-json\/wp\/v2\/media?parent=17859"}],"wp:term":[{"taxonomy":"product_brand","embeddable":true,"href":"https:\/\/www.hml-fetish.de\/shop\/fr\/wp-json\/wp\/v2\/product_brand?post=17859"},{"taxonomy":"product_cat","embeddable":true,"href":"https:\/\/www.hml-fetish.de\/shop\/fr\/wp-json\/wp\/v2\/product_cat?post=17859"},{"taxonomy":"product_tag","embeddable":true,"href":"https:\/\/www.hml-fetish.de\/shop\/fr\/wp-json\/wp\/v2\/product_tag?post=17859"}],"curies":[{"name":"wp","href":"https:\/\/api.w.org\/{rel}","templated":true}]}}