{"id":17844,"date":"2022-01-23T22:51:28","date_gmt":"2022-01-23T21:51:28","guid":{"rendered":"https:\/\/www.hml-fetish.de\/shop\/broche-de-gay-leatherpride\/"},"modified":"2022-01-23T22:51:28","modified_gmt":"2022-01-23T21:51:28","slug":"broche-de-gay-leatherpride","status":"publish","type":"product","link":"https:\/\/www.hml-fetish.de\/shop\/fr\/broche-de-gay-leatherpride\/","title":{"rendered":"Broche de Gay-Leatherpride"},"content":{"rendered":"<p>Tu ne sais pas ce qui est le plus important pour toi : le fait que tu sois gay ou que tu aimes le cuir ? Voici la solution (25 x 16 mm) !<br \/>\n<BR>Nos pins sont dot\u00e9s d&#8217;une contre-fiche qui emp\u00eache l&#8217;\u00e9pingle de glisser accidentellement. La finition est en \u00e9mail doux &#8211; de fins contours m\u00e9talliques s\u00e9parent toutes les couleurs.<\/p>\n","protected":false},"excerpt":{"rendered":"<h4>Broche de Gay-Leatherpride<\/h4>\n<p>Tu ne sais pas ce qui est le plus important pour toi : le fait que tu sois gay ou que tu aimes le cuir ? Voici la solution (25 x 16 mm) !<\/p>\n","protected":false},"featured_media":17838,"comment_status":"open","ping_status":"closed","template":"","meta":[],"product_brand":[],"product_cat":[606,721],"product_tag":[],"class_list":{"0":"post-17844","1":"product","2":"type-product","3":"status-publish","4":"has-post-thumbnail","6":"product_cat-accessoires-fr-2-fr","7":"product_cat-gay-pride-fr","8":"product_shipping_class-lettre","10":"first","11":"instock","12":"taxable","13":"shipping-taxable","14":"purchasable","15":"product-type-simple"},"_links":{"self":[{"href":"https:\/\/www.hml-fetish.de\/shop\/fr\/wp-json\/wp\/v2\/product\/17844","targetHints":{"allow":["GET"]}}],"collection":[{"href":"https:\/\/www.hml-fetish.de\/shop\/fr\/wp-json\/wp\/v2\/product"}],"about":[{"href":"https:\/\/www.hml-fetish.de\/shop\/fr\/wp-json\/wp\/v2\/types\/product"}],"replies":[{"embeddable":true,"href":"https:\/\/www.hml-fetish.de\/shop\/fr\/wp-json\/wp\/v2\/comments?post=17844"}],"version-history":[{"count":0,"href":"https:\/\/www.hml-fetish.de\/shop\/fr\/wp-json\/wp\/v2\/product\/17844\/revisions"}],"wp:featuredmedia":[{"embeddable":true,"href":"https:\/\/www.hml-fetish.de\/shop\/fr\/wp-json\/wp\/v2\/media\/17838"}],"wp:attachment":[{"href":"https:\/\/www.hml-fetish.de\/shop\/fr\/wp-json\/wp\/v2\/media?parent=17844"}],"wp:term":[{"taxonomy":"product_brand","embeddable":true,"href":"https:\/\/www.hml-fetish.de\/shop\/fr\/wp-json\/wp\/v2\/product_brand?post=17844"},{"taxonomy":"product_cat","embeddable":true,"href":"https:\/\/www.hml-fetish.de\/shop\/fr\/wp-json\/wp\/v2\/product_cat?post=17844"},{"taxonomy":"product_tag","embeddable":true,"href":"https:\/\/www.hml-fetish.de\/shop\/fr\/wp-json\/wp\/v2\/product_tag?post=17844"}],"curies":[{"name":"wp","href":"https:\/\/api.w.org\/{rel}","templated":true}]}}