{"id":17832,"date":"2022-01-23T22:51:28","date_gmt":"2022-01-23T21:51:28","guid":{"rendered":"https:\/\/www.hml-fetish.de\/shop\/red-ribbon-pin\/"},"modified":"2022-01-23T22:51:28","modified_gmt":"2022-01-23T21:51:28","slug":"red-ribbon-pin","status":"publish","type":"product","link":"https:\/\/www.hml-fetish.de\/shop\/fr\/red-ribbon-pin\/","title":{"rendered":"Red Ribbon Pin"},"content":{"rendered":"<p>Ce pin&#8217;s montre clairement la solidarit\u00e9 avec les membres de notre communaut\u00e9 atteints du VIH et mesure environ 12 x 25 mm. Ce pin&#8217;s est disponible dans les versions suivantes : en simple Red-Ribbon, en Red-Rainbow Ribbon (arc-en-ciel repr\u00e9sent\u00e9 sur une moiti\u00e9 du pin&#8217;s) et en Rainbow-Ribbon.<br \/>\n<BR>Nos pins sont dot\u00e9s d&#8217;une contre-fiche qui emp\u00eache l&#8217;aiguille de glisser involontairement. La finition est en \u00e9mail doux &#8211; de fins contours m\u00e9talliques s\u00e9parent toutes les couleurs.<\/p>\n","protected":false},"excerpt":{"rendered":"<h4>Red Ribbon Pin<\/h4>\n<p>Ce pin&#8217;s montre clairement la solidarit\u00e9 avec les membres de notre communaut\u00e9 atteints du VIH et mesure environ 12 x 25 mm. Ce pin&#8217;s est disponible dans les versions suivantes : en simple Red-Ribbon, en Red-Rainbow Ribbon (arc-en-ciel repr\u00e9sent\u00e9 sur une moiti\u00e9 du pin&#8217;s) et en Rainbow-Ribbon.<\/p>\n","protected":false},"featured_media":17807,"comment_status":"open","ping_status":"closed","template":"","meta":[],"product_brand":[],"product_cat":[721],"product_tag":[],"class_list":{"0":"post-17832","1":"product","2":"type-product","3":"status-publish","4":"has-post-thumbnail","6":"product_cat-gay-pride-fr","7":"product_shipping_class-lettre","9":"first","10":"instock","11":"taxable","12":"shipping-taxable","13":"purchasable","14":"product-type-variable"},"_links":{"self":[{"href":"https:\/\/www.hml-fetish.de\/shop\/fr\/wp-json\/wp\/v2\/product\/17832","targetHints":{"allow":["GET"]}}],"collection":[{"href":"https:\/\/www.hml-fetish.de\/shop\/fr\/wp-json\/wp\/v2\/product"}],"about":[{"href":"https:\/\/www.hml-fetish.de\/shop\/fr\/wp-json\/wp\/v2\/types\/product"}],"replies":[{"embeddable":true,"href":"https:\/\/www.hml-fetish.de\/shop\/fr\/wp-json\/wp\/v2\/comments?post=17832"}],"version-history":[{"count":0,"href":"https:\/\/www.hml-fetish.de\/shop\/fr\/wp-json\/wp\/v2\/product\/17832\/revisions"}],"wp:featuredmedia":[{"embeddable":true,"href":"https:\/\/www.hml-fetish.de\/shop\/fr\/wp-json\/wp\/v2\/media\/17807"}],"wp:attachment":[{"href":"https:\/\/www.hml-fetish.de\/shop\/fr\/wp-json\/wp\/v2\/media?parent=17832"}],"wp:term":[{"taxonomy":"product_brand","embeddable":true,"href":"https:\/\/www.hml-fetish.de\/shop\/fr\/wp-json\/wp\/v2\/product_brand?post=17832"},{"taxonomy":"product_cat","embeddable":true,"href":"https:\/\/www.hml-fetish.de\/shop\/fr\/wp-json\/wp\/v2\/product_cat?post=17832"},{"taxonomy":"product_tag","embeddable":true,"href":"https:\/\/www.hml-fetish.de\/shop\/fr\/wp-json\/wp\/v2\/product_tag?post=17832"}],"curies":[{"name":"wp","href":"https:\/\/api.w.org\/{rel}","templated":true}]}}