{"id":17793,"date":"2022-01-23T22:51:29","date_gmt":"2022-01-23T21:51:29","guid":{"rendered":"https:\/\/www.hml-fetish.de\/shop\/noeud-en-cuir\/"},"modified":"2023-02-03T09:56:42","modified_gmt":"2023-02-03T08:56:42","slug":"noeud-en-cuir","status":"publish","type":"product","link":"https:\/\/www.hml-fetish.de\/shop\/fr\/noeud-en-cuir\/","title":{"rendered":"N\u0153ud en cuir"},"content":{"rendered":"<p>Une broche en cuir rouge d&#8217;environ 25 x 60 mm. Tu peux la fixer avec une petite \u00e9pingle \u00e0 nourrice et elle est \u00e0 la fois voyante et discr\u00e8te.<\/p>\n","protected":false},"excerpt":{"rendered":"<h4>N\u0153ud en cuir<\/h4>\n<p>Une broche en cuir rouge d&#8217;environ 25 x 60 mm. Tu peux la fixer avec une petite \u00e9pingle \u00e0 nourrice et elle est \u00e0 la fois voyante et discr\u00e8te.<\/p>\n","protected":false},"featured_media":17786,"comment_status":"open","ping_status":"closed","template":"","meta":[],"product_brand":[],"product_cat":[606,720,721],"product_tag":[],"class_list":{"0":"post-17793","1":"product","2":"type-product","3":"status-publish","4":"has-post-thumbnail","6":"product_cat-accessoires-fr-2-fr","7":"product_cat-code-hanky","8":"product_cat-gay-pride-fr","9":"product_shipping_class-lettre","11":"first","12":"instock","13":"taxable","14":"shipping-taxable","15":"purchasable","16":"product-type-simple"},"_links":{"self":[{"href":"https:\/\/www.hml-fetish.de\/shop\/fr\/wp-json\/wp\/v2\/product\/17793","targetHints":{"allow":["GET"]}}],"collection":[{"href":"https:\/\/www.hml-fetish.de\/shop\/fr\/wp-json\/wp\/v2\/product"}],"about":[{"href":"https:\/\/www.hml-fetish.de\/shop\/fr\/wp-json\/wp\/v2\/types\/product"}],"replies":[{"embeddable":true,"href":"https:\/\/www.hml-fetish.de\/shop\/fr\/wp-json\/wp\/v2\/comments?post=17793"}],"version-history":[{"count":0,"href":"https:\/\/www.hml-fetish.de\/shop\/fr\/wp-json\/wp\/v2\/product\/17793\/revisions"}],"wp:featuredmedia":[{"embeddable":true,"href":"https:\/\/www.hml-fetish.de\/shop\/fr\/wp-json\/wp\/v2\/media\/17786"}],"wp:attachment":[{"href":"https:\/\/www.hml-fetish.de\/shop\/fr\/wp-json\/wp\/v2\/media?parent=17793"}],"wp:term":[{"taxonomy":"product_brand","embeddable":true,"href":"https:\/\/www.hml-fetish.de\/shop\/fr\/wp-json\/wp\/v2\/product_brand?post=17793"},{"taxonomy":"product_cat","embeddable":true,"href":"https:\/\/www.hml-fetish.de\/shop\/fr\/wp-json\/wp\/v2\/product_cat?post=17793"},{"taxonomy":"product_tag","embeddable":true,"href":"https:\/\/www.hml-fetish.de\/shop\/fr\/wp-json\/wp\/v2\/product_tag?post=17793"}],"curies":[{"name":"wp","href":"https:\/\/api.w.org\/{rel}","templated":true}]}}