{"id":17780,"date":"2022-01-23T22:51:30","date_gmt":"2022-01-23T21:51:30","guid":{"rendered":"https:\/\/www.hml-fetish.de\/shop\/broche-de-ours\/"},"modified":"2022-01-23T22:51:30","modified_gmt":"2022-01-23T21:51:30","slug":"broche-de-ours","status":"publish","type":"product","link":"https:\/\/www.hml-fetish.de\/shop\/fr\/broche-de-ours\/","title":{"rendered":"Broche de ours"},"content":{"rendered":"<p>Ces badges sont destin\u00e9s \u00e0 tous ceux qui aiment les choses un peu plus douillettes et plus &#8220;ours&#8221;. Environ 20 x 20-25 mm. Ils existent en trois versions : marron clair (avec drapeau et Red-Ribbon), marron clair (avec Red-Ribbon) et marron fonc\u00e9 (avec Red-Ribbon).<br \/>\n<BR>Nos pins ont une contre-fiche qui emp\u00eache l&#8217;aiguille de glisser accidentellement. La finition est en \u00e9mail doux &#8211; de fins contours m\u00e9talliques s\u00e9parent toutes les couleurs.<\/p>\n","protected":false},"excerpt":{"rendered":"<h4>Broche de ours<\/h4>\n<p>Ces badges sont destin\u00e9s \u00e0 tous ceux qui aiment les choses un peu plus douillettes et plus &#8220;ours&#8221;. Environ 20 x 20-25 mm. Ils existent en trois versions : marron clair (avec drapeau et Red-Ribbon), marron clair (avec Red-Ribbon) et marron fonc\u00e9 (avec Red-Ribbon).<\/p>\n","protected":false},"featured_media":17753,"comment_status":"open","ping_status":"closed","template":"","meta":[],"product_brand":[],"product_cat":[720,721],"product_tag":[],"class_list":{"0":"post-17780","1":"product","2":"type-product","3":"status-publish","4":"has-post-thumbnail","6":"product_cat-code-hanky","7":"product_cat-gay-pride-fr","8":"product_shipping_class-lettre","10":"first","11":"instock","12":"taxable","13":"shipping-taxable","14":"purchasable","15":"product-type-variable"},"_links":{"self":[{"href":"https:\/\/www.hml-fetish.de\/shop\/fr\/wp-json\/wp\/v2\/product\/17780","targetHints":{"allow":["GET"]}}],"collection":[{"href":"https:\/\/www.hml-fetish.de\/shop\/fr\/wp-json\/wp\/v2\/product"}],"about":[{"href":"https:\/\/www.hml-fetish.de\/shop\/fr\/wp-json\/wp\/v2\/types\/product"}],"replies":[{"embeddable":true,"href":"https:\/\/www.hml-fetish.de\/shop\/fr\/wp-json\/wp\/v2\/comments?post=17780"}],"version-history":[{"count":0,"href":"https:\/\/www.hml-fetish.de\/shop\/fr\/wp-json\/wp\/v2\/product\/17780\/revisions"}],"wp:featuredmedia":[{"embeddable":true,"href":"https:\/\/www.hml-fetish.de\/shop\/fr\/wp-json\/wp\/v2\/media\/17753"}],"wp:attachment":[{"href":"https:\/\/www.hml-fetish.de\/shop\/fr\/wp-json\/wp\/v2\/media?parent=17780"}],"wp:term":[{"taxonomy":"product_brand","embeddable":true,"href":"https:\/\/www.hml-fetish.de\/shop\/fr\/wp-json\/wp\/v2\/product_brand?post=17780"},{"taxonomy":"product_cat","embeddable":true,"href":"https:\/\/www.hml-fetish.de\/shop\/fr\/wp-json\/wp\/v2\/product_cat?post=17780"},{"taxonomy":"product_tag","embeddable":true,"href":"https:\/\/www.hml-fetish.de\/shop\/fr\/wp-json\/wp\/v2\/product_tag?post=17780"}],"curies":[{"name":"wp","href":"https:\/\/api.w.org\/{rel}","templated":true}]}}