{"id":17747,"date":"2022-01-23T22:51:30","date_gmt":"2022-01-23T21:51:30","guid":{"rendered":"https:\/\/www.hml-fetish.de\/shop\/porte-cle-avec-menottes\/"},"modified":"2022-01-23T22:51:30","modified_gmt":"2022-01-23T21:51:30","slug":"porte-cle-avec-menottes","status":"publish","type":"product","link":"https:\/\/www.hml-fetish.de\/shop\/fr\/porte-cle-avec-menottes\/","title":{"rendered":"Porte-cl\u00e9 avec menottes"},"content":{"rendered":"<p>Ce porte-cl\u00e9s original repr\u00e9sente deux mini-menottes (fonctionnelles !) en m\u00e9tal et constitue un signe de reconnaissance \u00e9vident pour tous les BDSM&#8217;s. En raison de leur petite taille, les menottes peuvent bien s\u00fbr \u00eatre utilis\u00e9es tout au plus comme menottes de pouce !<\/p>\n","protected":false},"excerpt":{"rendered":"<h4>Porte-cl\u00e9 avec menottes<\/h4>\n<p>Ce porte-cl\u00e9s original repr\u00e9sente deux mini-menottes (fonctionnelles !) en m\u00e9tal et constitue un signe de reconnaissance \u00e9vident pour tous les BDSM&#8217;s. En raison de leur petite taille, les menottes peuvent bien s\u00fbr \u00eatre utilis\u00e9es tout au plus comme menottes de pouce !<\/p>\n","protected":false},"featured_media":17741,"comment_status":"open","ping_status":"closed","template":"","meta":[],"product_brand":[],"product_cat":[726,752,692],"product_tag":[],"class_list":{"0":"post-17747","1":"product","2":"type-product","3":"status-publish","4":"has-post-thumbnail","6":"product_cat-divers","7":"product_cat-fin-de-serie","8":"product_cat-menottes","9":"product_shipping_class-lettre","11":"first","12":"instock","13":"taxable","14":"shipping-taxable","15":"purchasable","16":"product-type-simple"},"_links":{"self":[{"href":"https:\/\/www.hml-fetish.de\/shop\/fr\/wp-json\/wp\/v2\/product\/17747","targetHints":{"allow":["GET"]}}],"collection":[{"href":"https:\/\/www.hml-fetish.de\/shop\/fr\/wp-json\/wp\/v2\/product"}],"about":[{"href":"https:\/\/www.hml-fetish.de\/shop\/fr\/wp-json\/wp\/v2\/types\/product"}],"replies":[{"embeddable":true,"href":"https:\/\/www.hml-fetish.de\/shop\/fr\/wp-json\/wp\/v2\/comments?post=17747"}],"version-history":[{"count":0,"href":"https:\/\/www.hml-fetish.de\/shop\/fr\/wp-json\/wp\/v2\/product\/17747\/revisions"}],"wp:featuredmedia":[{"embeddable":true,"href":"https:\/\/www.hml-fetish.de\/shop\/fr\/wp-json\/wp\/v2\/media\/17741"}],"wp:attachment":[{"href":"https:\/\/www.hml-fetish.de\/shop\/fr\/wp-json\/wp\/v2\/media?parent=17747"}],"wp:term":[{"taxonomy":"product_brand","embeddable":true,"href":"https:\/\/www.hml-fetish.de\/shop\/fr\/wp-json\/wp\/v2\/product_brand?post=17747"},{"taxonomy":"product_cat","embeddable":true,"href":"https:\/\/www.hml-fetish.de\/shop\/fr\/wp-json\/wp\/v2\/product_cat?post=17747"},{"taxonomy":"product_tag","embeddable":true,"href":"https:\/\/www.hml-fetish.de\/shop\/fr\/wp-json\/wp\/v2\/product_tag?post=17747"}],"curies":[{"name":"wp","href":"https:\/\/api.w.org\/{rel}","templated":true}]}}