{"id":17738,"date":"2022-01-23T22:51:30","date_gmt":"2022-01-23T21:51:30","guid":{"rendered":"https:\/\/www.hml-fetish.de\/shop\/world-pride-pin\/"},"modified":"2022-01-23T22:51:30","modified_gmt":"2022-01-23T21:51:30","slug":"world-pride-pin","status":"publish","type":"product","link":"https:\/\/www.hml-fetish.de\/shop\/fr\/world-pride-pin\/","title":{"rendered":"World-Pride Pin"},"content":{"rendered":"<p>Ce pin&#8217;s repr\u00e9sente un globe aux couleurs de l&#8217;arc-en-ciel et mesure environ 22 mm de diam\u00e8tre. Nos pin&#8217;s ont une contre-fiche qui emp\u00eache l&#8217;\u00e9pingle de glisser accidentellement. La finition est en \u00e9mail doux &#8211; de fins contours m\u00e9talliques s\u00e9parent toutes les couleurs.<\/p>\n","protected":false},"excerpt":{"rendered":"<h4>World-Pride Pin<\/h4>\n<p>Ce pin&#8217;s repr\u00e9sente un globe aux couleurs de l&#8217;arc-en-ciel et mesure environ 22 mm de diam\u00e8tre. Nos pin&#8217;s ont une contre-fiche qui emp\u00eache l&#8217;\u00e9pingle de glisser accidentellement. La finition est en \u00e9mail doux &#8211; de fins contours m\u00e9talliques s\u00e9parent toutes les couleurs.<\/p>\n","protected":false},"featured_media":17735,"comment_status":"open","ping_status":"closed","template":"","meta":[],"product_brand":[],"product_cat":[732,721],"product_tag":[],"class_list":{"0":"post-17738","1":"product","2":"type-product","3":"status-publish","4":"has-post-thumbnail","6":"product_cat-best-seller","7":"product_cat-gay-pride-fr","8":"product_shipping_class-lettre","10":"first","11":"instock","12":"taxable","13":"shipping-taxable","14":"purchasable","15":"product-type-simple"},"_links":{"self":[{"href":"https:\/\/www.hml-fetish.de\/shop\/fr\/wp-json\/wp\/v2\/product\/17738","targetHints":{"allow":["GET"]}}],"collection":[{"href":"https:\/\/www.hml-fetish.de\/shop\/fr\/wp-json\/wp\/v2\/product"}],"about":[{"href":"https:\/\/www.hml-fetish.de\/shop\/fr\/wp-json\/wp\/v2\/types\/product"}],"replies":[{"embeddable":true,"href":"https:\/\/www.hml-fetish.de\/shop\/fr\/wp-json\/wp\/v2\/comments?post=17738"}],"version-history":[{"count":0,"href":"https:\/\/www.hml-fetish.de\/shop\/fr\/wp-json\/wp\/v2\/product\/17738\/revisions"}],"wp:featuredmedia":[{"embeddable":true,"href":"https:\/\/www.hml-fetish.de\/shop\/fr\/wp-json\/wp\/v2\/media\/17735"}],"wp:attachment":[{"href":"https:\/\/www.hml-fetish.de\/shop\/fr\/wp-json\/wp\/v2\/media?parent=17738"}],"wp:term":[{"taxonomy":"product_brand","embeddable":true,"href":"https:\/\/www.hml-fetish.de\/shop\/fr\/wp-json\/wp\/v2\/product_brand?post=17738"},{"taxonomy":"product_cat","embeddable":true,"href":"https:\/\/www.hml-fetish.de\/shop\/fr\/wp-json\/wp\/v2\/product_cat?post=17738"},{"taxonomy":"product_tag","embeddable":true,"href":"https:\/\/www.hml-fetish.de\/shop\/fr\/wp-json\/wp\/v2\/product_tag?post=17738"}],"curies":[{"name":"wp","href":"https:\/\/api.w.org\/{rel}","templated":true}]}}