{"id":17729,"date":"2022-01-23T22:51:31","date_gmt":"2022-01-23T21:51:31","guid":{"rendered":"https:\/\/www.hml-fetish.de\/shop\/aimant-de-frigo-leather-pride\/"},"modified":"2022-01-23T22:51:31","modified_gmt":"2022-01-23T21:51:31","slug":"aimant-de-frigo-leather-pride","status":"publish","type":"product","link":"https:\/\/www.hml-fetish.de\/shop\/fr\/aimant-de-frigo-leather-pride\/","title":{"rendered":"Aimant de frigo Leather-Pride"},"content":{"rendered":"<p>Plaques magn\u00e9tiques stables de 51 mm x 87 mm pour le r\u00e9frig\u00e9rateur ou toute autre surface contenant du fer (Gay-Pride est malheureusement d\u00e9j\u00e0 \u00e9puis\u00e9).<\/p>\n","protected":false},"excerpt":{"rendered":"<h4>Aimant de frigo Leather-Pride<\/h4>\n<p>Plaques magn\u00e9tiques stables de 51 mm x 87 mm pour le r\u00e9frig\u00e9rateur ou toute autre surface contenant du fer (Gay-Pride est malheureusement d\u00e9j\u00e0 \u00e9puis\u00e9).<\/p>\n","protected":false},"featured_media":17726,"comment_status":"open","ping_status":"closed","template":"","meta":[],"product_brand":[],"product_cat":[752,721],"product_tag":[],"class_list":{"0":"post-17729","1":"product","2":"type-product","3":"status-publish","4":"has-post-thumbnail","6":"product_cat-fin-de-serie","7":"product_cat-gay-pride-fr","8":"product_shipping_class-lettre","10":"first","11":"instock","12":"taxable","13":"shipping-taxable","14":"purchasable","15":"product-type-simple"},"_links":{"self":[{"href":"https:\/\/www.hml-fetish.de\/shop\/fr\/wp-json\/wp\/v2\/product\/17729","targetHints":{"allow":["GET"]}}],"collection":[{"href":"https:\/\/www.hml-fetish.de\/shop\/fr\/wp-json\/wp\/v2\/product"}],"about":[{"href":"https:\/\/www.hml-fetish.de\/shop\/fr\/wp-json\/wp\/v2\/types\/product"}],"replies":[{"embeddable":true,"href":"https:\/\/www.hml-fetish.de\/shop\/fr\/wp-json\/wp\/v2\/comments?post=17729"}],"version-history":[{"count":0,"href":"https:\/\/www.hml-fetish.de\/shop\/fr\/wp-json\/wp\/v2\/product\/17729\/revisions"}],"wp:featuredmedia":[{"embeddable":true,"href":"https:\/\/www.hml-fetish.de\/shop\/fr\/wp-json\/wp\/v2\/media\/17726"}],"wp:attachment":[{"href":"https:\/\/www.hml-fetish.de\/shop\/fr\/wp-json\/wp\/v2\/media?parent=17729"}],"wp:term":[{"taxonomy":"product_brand","embeddable":true,"href":"https:\/\/www.hml-fetish.de\/shop\/fr\/wp-json\/wp\/v2\/product_brand?post=17729"},{"taxonomy":"product_cat","embeddable":true,"href":"https:\/\/www.hml-fetish.de\/shop\/fr\/wp-json\/wp\/v2\/product_cat?post=17729"},{"taxonomy":"product_tag","embeddable":true,"href":"https:\/\/www.hml-fetish.de\/shop\/fr\/wp-json\/wp\/v2\/product_tag?post=17729"}],"curies":[{"name":"wp","href":"https:\/\/api.w.org\/{rel}","templated":true}]}}