{"id":17720,"date":"2022-01-23T22:51:31","date_gmt":"2022-01-23T21:51:31","guid":{"rendered":"https:\/\/www.hml-fetish.de\/shop\/porte-cle-emailler\/"},"modified":"2022-01-23T22:51:31","modified_gmt":"2022-01-23T21:51:31","slug":"porte-cle-emailler","status":"publish","type":"product","link":"https:\/\/www.hml-fetish.de\/shop\/fr\/porte-cle-emailler\/","title":{"rendered":"Porte-cl\u00e9 emailler"},"content":{"rendered":"<p>Ce pendentif montre clairement la solidarit\u00e9 avec les membres de notre communaut\u00e9 atteints du VIH et mesure environ 30 x 50 mm.<br \/>\n<BR>Ce pendentif existe dans les versions suivantes : en Red-Rainbow Ribbon (arc-en-ciel repr\u00e9sent\u00e9 sur une moiti\u00e9 du pendentif) et en Rainbow-Ribbon. La finition de ces porte-cl\u00e9s est en \u00e9mail doux &#8211; de fins contours m\u00e9talliques s\u00e9parent toutes les couleurs.<\/p>\n","protected":false},"excerpt":{"rendered":"<h4>Porte-cl\u00e9 emailler<\/h4>\n<p>Ce pendentif montre clairement la solidarit\u00e9 avec les membres de notre communaut\u00e9 atteints du VIH et mesure environ 30 x 50 mm.<\/p>\n","protected":false},"featured_media":17701,"comment_status":"open","ping_status":"closed","template":"","meta":[],"product_brand":[],"product_cat":[720,721],"product_tag":[],"class_list":{"0":"post-17720","1":"product","2":"type-product","3":"status-publish","4":"has-post-thumbnail","6":"product_cat-code-hanky","7":"product_cat-gay-pride-fr","8":"product_shipping_class-lettre","10":"first","11":"instock","12":"taxable","13":"shipping-taxable","14":"purchasable","15":"product-type-variable"},"_links":{"self":[{"href":"https:\/\/www.hml-fetish.de\/shop\/fr\/wp-json\/wp\/v2\/product\/17720","targetHints":{"allow":["GET"]}}],"collection":[{"href":"https:\/\/www.hml-fetish.de\/shop\/fr\/wp-json\/wp\/v2\/product"}],"about":[{"href":"https:\/\/www.hml-fetish.de\/shop\/fr\/wp-json\/wp\/v2\/types\/product"}],"replies":[{"embeddable":true,"href":"https:\/\/www.hml-fetish.de\/shop\/fr\/wp-json\/wp\/v2\/comments?post=17720"}],"version-history":[{"count":0,"href":"https:\/\/www.hml-fetish.de\/shop\/fr\/wp-json\/wp\/v2\/product\/17720\/revisions"}],"wp:featuredmedia":[{"embeddable":true,"href":"https:\/\/www.hml-fetish.de\/shop\/fr\/wp-json\/wp\/v2\/media\/17701"}],"wp:attachment":[{"href":"https:\/\/www.hml-fetish.de\/shop\/fr\/wp-json\/wp\/v2\/media?parent=17720"}],"wp:term":[{"taxonomy":"product_brand","embeddable":true,"href":"https:\/\/www.hml-fetish.de\/shop\/fr\/wp-json\/wp\/v2\/product_brand?post=17720"},{"taxonomy":"product_cat","embeddable":true,"href":"https:\/\/www.hml-fetish.de\/shop\/fr\/wp-json\/wp\/v2\/product_cat?post=17720"},{"taxonomy":"product_tag","embeddable":true,"href":"https:\/\/www.hml-fetish.de\/shop\/fr\/wp-json\/wp\/v2\/product_tag?post=17720"}],"curies":[{"name":"wp","href":"https:\/\/api.w.org\/{rel}","templated":true}]}}