{"id":17693,"date":"2022-01-23T22:51:32","date_gmt":"2022-01-23T21:51:32","guid":{"rendered":"https:\/\/www.hml-fetish.de\/shop\/aimant-de-red-ribbon\/"},"modified":"2022-01-23T22:51:32","modified_gmt":"2022-01-23T21:51:32","slug":"aimant-de-red-ribbon","status":"publish","type":"product","link":"https:\/\/www.hml-fetish.de\/shop\/fr\/aimant-de-red-ribbon\/","title":{"rendered":"Aimant de Red Ribbon"},"content":{"rendered":"<p>Cet aimant pour le r\u00e9frig\u00e9rateur ou d&#8217;autres supports m\u00e9talliques montre clairement la solidarit\u00e9 avec les membres de notre communaut\u00e9 atteints du VIH et mesure environ 30 mm x 60 mm. Disponible en Red Ribbon ou en Rainbow Ribbon.<\/p>\n","protected":false},"excerpt":{"rendered":"<h4>Aimant de Red Ribbon<\/h4>\n<p>Cet aimant pour le r\u00e9frig\u00e9rateur ou d&#8217;autres supports m\u00e9talliques montre clairement la solidarit\u00e9 avec les membres de notre communaut\u00e9 atteints du VIH et mesure environ 30 mm x 60 mm. Disponible en Red Ribbon ou en Rainbow Ribbon.<\/p>\n","protected":false},"featured_media":17675,"comment_status":"open","ping_status":"closed","template":"","meta":[],"product_brand":[],"product_cat":[720,721],"product_tag":[],"class_list":{"0":"post-17693","1":"product","2":"type-product","3":"status-publish","4":"has-post-thumbnail","6":"product_cat-code-hanky","7":"product_cat-gay-pride-fr","8":"product_shipping_class-lettre","10":"first","11":"instock","12":"taxable","13":"shipping-taxable","14":"purchasable","15":"product-type-variable"},"_links":{"self":[{"href":"https:\/\/www.hml-fetish.de\/shop\/fr\/wp-json\/wp\/v2\/product\/17693","targetHints":{"allow":["GET"]}}],"collection":[{"href":"https:\/\/www.hml-fetish.de\/shop\/fr\/wp-json\/wp\/v2\/product"}],"about":[{"href":"https:\/\/www.hml-fetish.de\/shop\/fr\/wp-json\/wp\/v2\/types\/product"}],"replies":[{"embeddable":true,"href":"https:\/\/www.hml-fetish.de\/shop\/fr\/wp-json\/wp\/v2\/comments?post=17693"}],"version-history":[{"count":0,"href":"https:\/\/www.hml-fetish.de\/shop\/fr\/wp-json\/wp\/v2\/product\/17693\/revisions"}],"wp:featuredmedia":[{"embeddable":true,"href":"https:\/\/www.hml-fetish.de\/shop\/fr\/wp-json\/wp\/v2\/media\/17675"}],"wp:attachment":[{"href":"https:\/\/www.hml-fetish.de\/shop\/fr\/wp-json\/wp\/v2\/media?parent=17693"}],"wp:term":[{"taxonomy":"product_brand","embeddable":true,"href":"https:\/\/www.hml-fetish.de\/shop\/fr\/wp-json\/wp\/v2\/product_brand?post=17693"},{"taxonomy":"product_cat","embeddable":true,"href":"https:\/\/www.hml-fetish.de\/shop\/fr\/wp-json\/wp\/v2\/product_cat?post=17693"},{"taxonomy":"product_tag","embeddable":true,"href":"https:\/\/www.hml-fetish.de\/shop\/fr\/wp-json\/wp\/v2\/product_tag?post=17693"}],"curies":[{"name":"wp","href":"https:\/\/api.w.org\/{rel}","templated":true}]}}