{"id":17666,"date":"2022-01-23T22:51:32","date_gmt":"2022-01-23T21:51:32","guid":{"rendered":"https:\/\/www.hml-fetish.de\/shop\/porte-cle-en-latex\/"},"modified":"2022-01-23T22:51:32","modified_gmt":"2022-01-23T21:51:32","slug":"porte-cle-en-latex","status":"publish","type":"product","link":"https:\/\/www.hml-fetish.de\/shop\/fr\/porte-cle-en-latex\/","title":{"rendered":"Porte-cl\u00e9 en latex"},"content":{"rendered":"<p>Ce pendentif montre clairement la solidarit\u00e9 avec les membres de notre communaut\u00e9 atteints du VIH et mesure environ 30 x 60 mm.<br \/>\n<BR>Ce pendentif existe dans les versions suivantes : en Red-Ribbon et en Rainbow-Ribbon. La version de ces porte-cl\u00e9s est en caoutchouc( !)<\/p>\n","protected":false},"excerpt":{"rendered":"<h4>Porte-cl\u00e9 en latex<\/h4>\n<p>Ce pendentif montre clairement la solidarit\u00e9 avec les membres de notre communaut\u00e9 atteints du VIH et mesure environ 30 x 60 mm.<\/p>\n","protected":false},"featured_media":17646,"comment_status":"open","ping_status":"closed","template":"","meta":[],"product_brand":[],"product_cat":[720,721],"product_tag":[],"class_list":{"0":"post-17666","1":"product","2":"type-product","3":"status-publish","4":"has-post-thumbnail","6":"product_cat-code-hanky","7":"product_cat-gay-pride-fr","8":"product_shipping_class-lettre","10":"first","11":"instock","12":"taxable","13":"shipping-taxable","14":"purchasable","15":"product-type-variable"},"_links":{"self":[{"href":"https:\/\/www.hml-fetish.de\/shop\/fr\/wp-json\/wp\/v2\/product\/17666","targetHints":{"allow":["GET"]}}],"collection":[{"href":"https:\/\/www.hml-fetish.de\/shop\/fr\/wp-json\/wp\/v2\/product"}],"about":[{"href":"https:\/\/www.hml-fetish.de\/shop\/fr\/wp-json\/wp\/v2\/types\/product"}],"replies":[{"embeddable":true,"href":"https:\/\/www.hml-fetish.de\/shop\/fr\/wp-json\/wp\/v2\/comments?post=17666"}],"version-history":[{"count":0,"href":"https:\/\/www.hml-fetish.de\/shop\/fr\/wp-json\/wp\/v2\/product\/17666\/revisions"}],"wp:featuredmedia":[{"embeddable":true,"href":"https:\/\/www.hml-fetish.de\/shop\/fr\/wp-json\/wp\/v2\/media\/17646"}],"wp:attachment":[{"href":"https:\/\/www.hml-fetish.de\/shop\/fr\/wp-json\/wp\/v2\/media?parent=17666"}],"wp:term":[{"taxonomy":"product_brand","embeddable":true,"href":"https:\/\/www.hml-fetish.de\/shop\/fr\/wp-json\/wp\/v2\/product_brand?post=17666"},{"taxonomy":"product_cat","embeddable":true,"href":"https:\/\/www.hml-fetish.de\/shop\/fr\/wp-json\/wp\/v2\/product_cat?post=17666"},{"taxonomy":"product_tag","embeddable":true,"href":"https:\/\/www.hml-fetish.de\/shop\/fr\/wp-json\/wp\/v2\/product_tag?post=17666"}],"curies":[{"name":"wp","href":"https:\/\/api.w.org\/{rel}","templated":true}]}}