{"id":17654,"date":"2022-01-23T22:51:51","date_gmt":"2022-01-23T21:51:51","guid":{"rendered":"https:\/\/www.hml-fetish.de\/shop\/porte-cle-en-latex-gratuit\/"},"modified":"2022-01-23T22:51:51","modified_gmt":"2022-01-23T21:51:51","slug":"porte-cle-en-latex-gratuit","status":"publish","type":"product","link":"https:\/\/www.hml-fetish.de\/shop\/fr\/porte-cle-en-latex-gratuit\/","title":{"rendered":"Porte-cl\u00e9 en latex gratuit"},"content":{"rendered":"<p>Ce pendentif montre clairement la solidarit\u00e9 avec les membres de notre communaut\u00e9 atteints du VIH et mesure environ 30 x 60 mm.<br \/>\n<BR>Ce pendentif existe dans les versions suivantes : en Red-Ribbon et en Rainbow-Ribbon. La version de ces porte-cl\u00e9s est en caoutchouc( !)<\/p>\n<p>.<\/p>\n","protected":false},"excerpt":{"rendered":"<h4>Porte-cl\u00e9 en latex gratuit<\/h4>\n<p>Ce pendentif montre clairement la solidarit\u00e9 avec les membres de notre communaut\u00e9 atteints du VIH et mesure environ 30 x 60 mm.<\/p>\n","protected":false},"featured_media":17643,"comment_status":"open","ping_status":"closed","template":"","meta":[],"product_brand":[],"product_cat":[737],"product_tag":[],"class_list":{"0":"post-17654","1":"product","2":"type-product","3":"status-publish","4":"has-post-thumbnail","6":"product_cat-offert-pour-toute-commande","7":"product_shipping_class-lettre","9":"first","10":"instock","11":"sale","12":"sold-individually","13":"taxable","14":"shipping-taxable","15":"purchasable","16":"product-type-variable"},"_links":{"self":[{"href":"https:\/\/www.hml-fetish.de\/shop\/fr\/wp-json\/wp\/v2\/product\/17654","targetHints":{"allow":["GET"]}}],"collection":[{"href":"https:\/\/www.hml-fetish.de\/shop\/fr\/wp-json\/wp\/v2\/product"}],"about":[{"href":"https:\/\/www.hml-fetish.de\/shop\/fr\/wp-json\/wp\/v2\/types\/product"}],"replies":[{"embeddable":true,"href":"https:\/\/www.hml-fetish.de\/shop\/fr\/wp-json\/wp\/v2\/comments?post=17654"}],"version-history":[{"count":0,"href":"https:\/\/www.hml-fetish.de\/shop\/fr\/wp-json\/wp\/v2\/product\/17654\/revisions"}],"wp:featuredmedia":[{"embeddable":true,"href":"https:\/\/www.hml-fetish.de\/shop\/fr\/wp-json\/wp\/v2\/media\/17643"}],"wp:attachment":[{"href":"https:\/\/www.hml-fetish.de\/shop\/fr\/wp-json\/wp\/v2\/media?parent=17654"}],"wp:term":[{"taxonomy":"product_brand","embeddable":true,"href":"https:\/\/www.hml-fetish.de\/shop\/fr\/wp-json\/wp\/v2\/product_brand?post=17654"},{"taxonomy":"product_cat","embeddable":true,"href":"https:\/\/www.hml-fetish.de\/shop\/fr\/wp-json\/wp\/v2\/product_cat?post=17654"},{"taxonomy":"product_tag","embeddable":true,"href":"https:\/\/www.hml-fetish.de\/shop\/fr\/wp-json\/wp\/v2\/product_tag?post=17654"}],"curies":[{"name":"wp","href":"https:\/\/api.w.org\/{rel}","templated":true}]}}