{"id":17636,"date":"2022-01-23T22:51:52","date_gmt":"2022-01-23T21:51:52","guid":{"rendered":"https:\/\/www.hml-fetish.de\/shop\/broche-de-truie\/"},"modified":"2022-01-23T22:51:52","modified_gmt":"2022-01-23T21:51:52","slug":"broche-de-truie","status":"publish","type":"product","link":"https:\/\/www.hml-fetish.de\/shop\/fr\/broche-de-truie\/","title":{"rendered":"Broche de truie"},"content":{"rendered":"<p>Petits pin&#8217;s en forme de cochon de diff\u00e9rentes couleurs (bleu fonc\u00e9, bleu clair, orange et noir). L&#8217;interpr\u00e9tation est laiss\u00e9e \u00e0 ta discr\u00e9tion ou \u00e0 celle de celui qui te voit avec. <\/P><br \/>\n<P> Ces badges mesurent environ 20 x 10 mm. Nos pin&#8217;s ont une contre-fiche qui emp\u00eache l&#8217;\u00e9pingle de glisser involontairement. La finition est en \u00e9mail doux &#8211; de fins contours m\u00e9talliques s\u00e9parent toutes les couleurs.<\/p>\n","protected":false},"excerpt":{"rendered":"<h4>Broche de truie<\/h4>\n<p>Petits pin&#8217;s en forme de cochon de diff\u00e9rentes couleurs (bleu fonc\u00e9, bleu clair, orange et noir). L&#8217;interpr\u00e9tation est laiss\u00e9e \u00e0 ta discr\u00e9tion ou \u00e0 celle de celui qui te voit avec. <\/P><\/p>\n","protected":false},"featured_media":17619,"comment_status":"open","ping_status":"closed","template":"","meta":[],"product_brand":[],"product_cat":[720,752,721],"product_tag":[],"class_list":{"0":"post-17636","1":"product","2":"type-product","3":"status-publish","4":"has-post-thumbnail","6":"product_cat-code-hanky","7":"product_cat-fin-de-serie","8":"product_cat-gay-pride-fr","9":"product_shipping_class-lettre","11":"first","12":"instock","13":"taxable","14":"shipping-taxable","15":"purchasable","16":"product-type-variable"},"_links":{"self":[{"href":"https:\/\/www.hml-fetish.de\/shop\/fr\/wp-json\/wp\/v2\/product\/17636","targetHints":{"allow":["GET"]}}],"collection":[{"href":"https:\/\/www.hml-fetish.de\/shop\/fr\/wp-json\/wp\/v2\/product"}],"about":[{"href":"https:\/\/www.hml-fetish.de\/shop\/fr\/wp-json\/wp\/v2\/types\/product"}],"replies":[{"embeddable":true,"href":"https:\/\/www.hml-fetish.de\/shop\/fr\/wp-json\/wp\/v2\/comments?post=17636"}],"version-history":[{"count":0,"href":"https:\/\/www.hml-fetish.de\/shop\/fr\/wp-json\/wp\/v2\/product\/17636\/revisions"}],"wp:featuredmedia":[{"embeddable":true,"href":"https:\/\/www.hml-fetish.de\/shop\/fr\/wp-json\/wp\/v2\/media\/17619"}],"wp:attachment":[{"href":"https:\/\/www.hml-fetish.de\/shop\/fr\/wp-json\/wp\/v2\/media?parent=17636"}],"wp:term":[{"taxonomy":"product_brand","embeddable":true,"href":"https:\/\/www.hml-fetish.de\/shop\/fr\/wp-json\/wp\/v2\/product_brand?post=17636"},{"taxonomy":"product_cat","embeddable":true,"href":"https:\/\/www.hml-fetish.de\/shop\/fr\/wp-json\/wp\/v2\/product_cat?post=17636"},{"taxonomy":"product_tag","embeddable":true,"href":"https:\/\/www.hml-fetish.de\/shop\/fr\/wp-json\/wp\/v2\/product_tag?post=17636"}],"curies":[{"name":"wp","href":"https:\/\/api.w.org\/{rel}","templated":true}]}}