{"id":17616,"date":"2022-01-23T22:51:52","date_gmt":"2022-01-23T21:51:52","guid":{"rendered":"https:\/\/www.hml-fetish.de\/shop\/spray-brillant-pour-latex\/"},"modified":"2023-02-04T16:01:11","modified_gmt":"2023-02-04T15:01:11","slug":"eros-spray-brillant-pour-latex","status":"publish","type":"product","link":"https:\/\/www.hml-fetish.de\/shop\/fr\/eros-spray-brillant-pour-latex\/","title":{"rendered":"eros Spray brillant pour latex"},"content":{"rendered":"<p>Tr\u00e8s appropri\u00e9 pour rafra\u00eechir rapidement l&#8217;\u00e9clat du caoutchouc. Vaporiser une fine couche et polir l&#8217;exc\u00e9dent avec un chiffon doux.<\/p>\n<p>Spray \u00e0 pompe d&#8217;une contenance de 200 ml. Prix pour 100 ml : 11.00 \u20ac. Notre conseil : mettre quelque chose sous le produit avant de le vaporiser. Si quelque chose venait \u00e0 manquer, cela deviendrait tr\u00e8s glissant !<\/p>\n","protected":false},"excerpt":{"rendered":"<h4>eros Spray brillant pour latex<\/h4>\n<p>Tr\u00e8s appropri\u00e9 pour rafra\u00eechir rapidement l&#8217;\u00e9clat du caoutchouc. Vaporiser une fine couche et polir l&#8217;exc\u00e9dent avec un chiffon doux.<\/p>\n","protected":false},"featured_media":30951,"comment_status":"open","ping_status":"closed","template":"","meta":[],"product_brand":[],"product_cat":[752,625],"product_tag":[],"class_list":{"0":"post-17616","1":"product","2":"type-product","3":"status-publish","4":"has-post-thumbnail","6":"product_cat-fin-de-serie","7":"product_cat-soins-de-latex","8":"product_shipping_class-colis-fr","10":"first","11":"instock","12":"taxable","13":"shipping-taxable","14":"purchasable","15":"product-type-simple"},"_links":{"self":[{"href":"https:\/\/www.hml-fetish.de\/shop\/fr\/wp-json\/wp\/v2\/product\/17616","targetHints":{"allow":["GET"]}}],"collection":[{"href":"https:\/\/www.hml-fetish.de\/shop\/fr\/wp-json\/wp\/v2\/product"}],"about":[{"href":"https:\/\/www.hml-fetish.de\/shop\/fr\/wp-json\/wp\/v2\/types\/product"}],"replies":[{"embeddable":true,"href":"https:\/\/www.hml-fetish.de\/shop\/fr\/wp-json\/wp\/v2\/comments?post=17616"}],"version-history":[{"count":0,"href":"https:\/\/www.hml-fetish.de\/shop\/fr\/wp-json\/wp\/v2\/product\/17616\/revisions"}],"wp:featuredmedia":[{"embeddable":true,"href":"https:\/\/www.hml-fetish.de\/shop\/fr\/wp-json\/wp\/v2\/media\/30951"}],"wp:attachment":[{"href":"https:\/\/www.hml-fetish.de\/shop\/fr\/wp-json\/wp\/v2\/media?parent=17616"}],"wp:term":[{"taxonomy":"product_brand","embeddable":true,"href":"https:\/\/www.hml-fetish.de\/shop\/fr\/wp-json\/wp\/v2\/product_brand?post=17616"},{"taxonomy":"product_cat","embeddable":true,"href":"https:\/\/www.hml-fetish.de\/shop\/fr\/wp-json\/wp\/v2\/product_cat?post=17616"},{"taxonomy":"product_tag","embeddable":true,"href":"https:\/\/www.hml-fetish.de\/shop\/fr\/wp-json\/wp\/v2\/product_tag?post=17616"}],"curies":[{"name":"wp","href":"https:\/\/api.w.org\/{rel}","templated":true}]}}