{"id":17540,"date":"2022-01-23T22:51:53","date_gmt":"2022-01-23T21:51:53","guid":{"rendered":"https:\/\/www.hml-fetish.de\/shop\/carte-de-voeux-love-you-no-matter\/"},"modified":"2022-01-23T22:51:53","modified_gmt":"2022-01-23T21:51:53","slug":"carte-de-voeux-love-you-no-matter","status":"publish","type":"product","link":"https:\/\/www.hml-fetish.de\/shop\/fr\/carte-de-voeux-love-you-no-matter\/","title":{"rendered":"Carte de v\u0153ux Love you no Matter"},"content":{"rendered":"<p>Rare carte cadeau avec une enveloppe et un motif \u00e9rotique. Une pi\u00e8ce de collection !<\/p>\n<p>taille 130 x 180 mm<\/p>\n<p>photographi\u00e9e en couleur<\/p>\n<p>Studio 10-Percent<\/p>\n","protected":false},"excerpt":{"rendered":"<h4>Carte de v\u0153ux Love you no Matter<\/h4>\n<p>Rare carte cadeau avec une enveloppe et un motif \u00e9rotique. Une pi\u00e8ce de collection !<\/p>\n<p>taille 130 x 180 mm<\/p>\n<p>photographi\u00e9e en couleur<\/p>\n<p>Studio 10-Percent<\/p>\n","protected":false},"featured_media":17535,"comment_status":"open","ping_status":"closed","template":"","meta":[],"product_brand":[],"product_cat":[718],"product_tag":[],"class_list":{"0":"post-17540","1":"product","2":"type-product","3":"status-publish","4":"has-post-thumbnail","6":"product_cat-cartes","7":"product_shipping_class-lettre","9":"first","10":"instock","11":"taxable","12":"shipping-taxable","13":"purchasable","14":"product-type-simple"},"_links":{"self":[{"href":"https:\/\/www.hml-fetish.de\/shop\/fr\/wp-json\/wp\/v2\/product\/17540","targetHints":{"allow":["GET"]}}],"collection":[{"href":"https:\/\/www.hml-fetish.de\/shop\/fr\/wp-json\/wp\/v2\/product"}],"about":[{"href":"https:\/\/www.hml-fetish.de\/shop\/fr\/wp-json\/wp\/v2\/types\/product"}],"replies":[{"embeddable":true,"href":"https:\/\/www.hml-fetish.de\/shop\/fr\/wp-json\/wp\/v2\/comments?post=17540"}],"version-history":[{"count":0,"href":"https:\/\/www.hml-fetish.de\/shop\/fr\/wp-json\/wp\/v2\/product\/17540\/revisions"}],"wp:featuredmedia":[{"embeddable":true,"href":"https:\/\/www.hml-fetish.de\/shop\/fr\/wp-json\/wp\/v2\/media\/17535"}],"wp:attachment":[{"href":"https:\/\/www.hml-fetish.de\/shop\/fr\/wp-json\/wp\/v2\/media?parent=17540"}],"wp:term":[{"taxonomy":"product_brand","embeddable":true,"href":"https:\/\/www.hml-fetish.de\/shop\/fr\/wp-json\/wp\/v2\/product_brand?post=17540"},{"taxonomy":"product_cat","embeddable":true,"href":"https:\/\/www.hml-fetish.de\/shop\/fr\/wp-json\/wp\/v2\/product_cat?post=17540"},{"taxonomy":"product_tag","embeddable":true,"href":"https:\/\/www.hml-fetish.de\/shop\/fr\/wp-json\/wp\/v2\/product_tag?post=17540"}],"curies":[{"name":"wp","href":"https:\/\/api.w.org\/{rel}","templated":true}]}}