{"id":17521,"date":"2022-01-23T22:51:54","date_gmt":"2022-01-23T21:51:54","guid":{"rendered":"https:\/\/www.hml-fetish.de\/shop\/cagoule-en-cuir\/"},"modified":"2022-01-23T22:51:54","modified_gmt":"2022-01-23T21:51:54","slug":"cagoule-en-cuir","status":"publish","type":"product","link":"https:\/\/www.hml-fetish.de\/shop\/fr\/cagoule-en-cuir\/","title":{"rendered":"Cagoule en cuir"},"content":{"rendered":"<p>Nous avons transform\u00e9 la coupe de base de notre masque int\u00e9gral haut de gamme en une version plus abordable. Avec un la\u00e7age ouvert \u00e0 l&#8217;arri\u00e8re de la t\u00eate ainsi qu&#8217;une ouverture pour les yeux, le nez et la bouche (et bien s\u00fbr la partie des yeux et de la bouche doubl\u00e9e).<br \/>\n<BR>Nous utilisons pour cela du nappa de b\u0153uf de 1,1 mm d&#8217;\u00e9paisseur avec une surface mate et brillante, un l\u00e9ger grain et un toucher tr\u00e8s doux. Ce masque s&#8217;adaptera \u00e9galement parfaitement \u00e0 la forme de ta t\u00eate!<\/p>\n<p><BR>Nous avons deux tailles en stock pour toi : la taille M pour un tour de front d&#8217;environ 54 cm \u00e0 58 cm et la taille L pour environ 56 cm \u00e0 60 cm.<br \/>\n<BR><img decoding=\"async\" src=\"\/GIF\/sizefr_MA.gif\" alt=\"tebleau de taille\" title=\"tableau de taille\" border=\"0\" height=\"164\" width=\"114\"><\/P><\/p>\n","protected":false},"excerpt":{"rendered":"<h4>Cagoule en cuir<\/h4>\n<p>Nous avons transform\u00e9 la coupe de base de notre masque int\u00e9gral haut de gamme en une version plus abordable. Avec un la\u00e7age ouvert \u00e0 l&#8217;arri\u00e8re de la t\u00eate ainsi qu&#8217;une ouverture pour les yeux, le nez et la bouche (et bien s\u00fbr la partie des yeux et de la bouche doubl\u00e9e).<\/p>\n","protected":false},"featured_media":17505,"comment_status":"open","ping_status":"closed","template":"","meta":[],"product_brand":[],"product_cat":[700,752],"product_tag":[],"class_list":{"0":"post-17521","1":"product","2":"type-product","3":"status-publish","4":"has-post-thumbnail","6":"product_cat-cagoules-etc","7":"product_cat-fin-de-serie","8":"product_shipping_class-colis-fr","10":"first","11":"instock","12":"sale","13":"taxable","14":"shipping-taxable","15":"purchasable","16":"product-type-variable"},"_links":{"self":[{"href":"https:\/\/www.hml-fetish.de\/shop\/fr\/wp-json\/wp\/v2\/product\/17521","targetHints":{"allow":["GET"]}}],"collection":[{"href":"https:\/\/www.hml-fetish.de\/shop\/fr\/wp-json\/wp\/v2\/product"}],"about":[{"href":"https:\/\/www.hml-fetish.de\/shop\/fr\/wp-json\/wp\/v2\/types\/product"}],"replies":[{"embeddable":true,"href":"https:\/\/www.hml-fetish.de\/shop\/fr\/wp-json\/wp\/v2\/comments?post=17521"}],"version-history":[{"count":0,"href":"https:\/\/www.hml-fetish.de\/shop\/fr\/wp-json\/wp\/v2\/product\/17521\/revisions"}],"wp:featuredmedia":[{"embeddable":true,"href":"https:\/\/www.hml-fetish.de\/shop\/fr\/wp-json\/wp\/v2\/media\/17505"}],"wp:attachment":[{"href":"https:\/\/www.hml-fetish.de\/shop\/fr\/wp-json\/wp\/v2\/media?parent=17521"}],"wp:term":[{"taxonomy":"product_brand","embeddable":true,"href":"https:\/\/www.hml-fetish.de\/shop\/fr\/wp-json\/wp\/v2\/product_brand?post=17521"},{"taxonomy":"product_cat","embeddable":true,"href":"https:\/\/www.hml-fetish.de\/shop\/fr\/wp-json\/wp\/v2\/product_cat?post=17521"},{"taxonomy":"product_tag","embeddable":true,"href":"https:\/\/www.hml-fetish.de\/shop\/fr\/wp-json\/wp\/v2\/product_tag?post=17521"}],"curies":[{"name":"wp","href":"https:\/\/api.w.org\/{rel}","templated":true}]}}