{"id":17498,"date":"2022-01-23T22:51:54","date_gmt":"2022-01-23T21:51:54","guid":{"rendered":"https:\/\/www.hml-fetish.de\/shop\/masque-en-latex\/"},"modified":"2022-10-29T15:03:15","modified_gmt":"2022-10-29T13:03:15","slug":"masque-en-latex","status":"publish","type":"product","link":"https:\/\/www.hml-fetish.de\/shop\/fr\/masque-en-latex\/","title":{"rendered":"Masque en latex"},"content":{"rendered":"<p>S&#8217;adapte comme une seconde peau ! En mat\u00e9riau noir de 0,35 mm d&#8217;\u00e9paisseur. Le mat\u00e9riau fin s&#8217;adapte bien \u00e0 ta t\u00eate, m\u00eame si la coupe n&#8217;est pas anatomique dans cette cat\u00e9gorie de prix. Quatre tailles de S \u00e0 XL. Ce mod\u00e8le de base de masque en caoutchouc poss\u00e8de des ouvertures pour les yeux, le nez et la bouche.<br \/>\n<BR><img decoding=\"async\" src=\"\/GIF\/sizefr_MA.gif\" alt=\"tableau de taille\" title=\"tableau de taille\" border=\"0\" height=\"164\" width=\"114\"><\/p>\n","protected":false},"excerpt":{"rendered":"<h4>Masque en latex<\/h4>\n<p>S&#8217;adapte comme une seconde peau ! En mat\u00e9riau noir de 0,35 mm d&#8217;\u00e9paisseur. Le mat\u00e9riau fin s&#8217;adapte bien \u00e0 ta t\u00eate, m\u00eame si la coupe n&#8217;est pas anatomique dans cette cat\u00e9gorie de prix. Quatre tailles de S \u00e0 XL. Ce mod\u00e8le de base de masque en caoutchouc poss\u00e8de des ouvertures pour les yeux, le nez et la bouche.<\/p>\n","protected":false},"featured_media":17476,"comment_status":"open","ping_status":"closed","template":"","meta":[],"product_brand":[],"product_cat":[624,732,700,622],"product_tag":[],"class_list":{"0":"post-17498","1":"product","2":"type-product","3":"status-publish","4":"has-post-thumbnail","6":"product_cat-accessoires-en-latex","7":"product_cat-best-seller","8":"product_cat-cagoules-etc","9":"product_cat-dessous-en-latex","10":"product_shipping_class-lettre","12":"first","13":"instock","14":"taxable","15":"shipping-taxable","16":"purchasable","17":"product-type-variable"},"_links":{"self":[{"href":"https:\/\/www.hml-fetish.de\/shop\/fr\/wp-json\/wp\/v2\/product\/17498","targetHints":{"allow":["GET"]}}],"collection":[{"href":"https:\/\/www.hml-fetish.de\/shop\/fr\/wp-json\/wp\/v2\/product"}],"about":[{"href":"https:\/\/www.hml-fetish.de\/shop\/fr\/wp-json\/wp\/v2\/types\/product"}],"replies":[{"embeddable":true,"href":"https:\/\/www.hml-fetish.de\/shop\/fr\/wp-json\/wp\/v2\/comments?post=17498"}],"version-history":[{"count":0,"href":"https:\/\/www.hml-fetish.de\/shop\/fr\/wp-json\/wp\/v2\/product\/17498\/revisions"}],"wp:featuredmedia":[{"embeddable":true,"href":"https:\/\/www.hml-fetish.de\/shop\/fr\/wp-json\/wp\/v2\/media\/17476"}],"wp:attachment":[{"href":"https:\/\/www.hml-fetish.de\/shop\/fr\/wp-json\/wp\/v2\/media?parent=17498"}],"wp:term":[{"taxonomy":"product_brand","embeddable":true,"href":"https:\/\/www.hml-fetish.de\/shop\/fr\/wp-json\/wp\/v2\/product_brand?post=17498"},{"taxonomy":"product_cat","embeddable":true,"href":"https:\/\/www.hml-fetish.de\/shop\/fr\/wp-json\/wp\/v2\/product_cat?post=17498"},{"taxonomy":"product_tag","embeddable":true,"href":"https:\/\/www.hml-fetish.de\/shop\/fr\/wp-json\/wp\/v2\/product_tag?post=17498"}],"curies":[{"name":"wp","href":"https:\/\/api.w.org\/{rel}","templated":true}]}}