{"id":17443,"date":"2022-01-23T22:51:55","date_gmt":"2022-01-23T21:51:55","guid":{"rendered":"https:\/\/www.hml-fetish.de\/shop\/cagoule-neoprene-lock-out\/"},"modified":"2022-01-23T22:51:55","modified_gmt":"2022-01-23T21:51:55","slug":"cagoule-neoprene-lock-out","status":"publish","type":"product","link":"https:\/\/www.hml-fetish.de\/shop\/fr\/cagoule-neoprene-lock-out\/","title":{"rendered":"Cagoule neoprene lock out"},"content":{"rendered":"<p>Ce masque de taille universelle en n\u00e9opr\u00e8ne souple et \u00e9pais de 2,5 mm te capture. Lorsque la fermeture \u00e9clair en nylon \u00e0 l&#8217;arri\u00e8re se referme lentement sur l&#8217;arri\u00e8re de ta t\u00eate, le monde autour de toi s&#8217;enfonce dans une douce et agr\u00e9able obscurit\u00e9. Les bruits sont att\u00e9nu\u00e9s et chaque contact a un effet doublement intense sur toi. Les rabats des yeux et de la bouche sont fix\u00e9s par des boutons-pression. Lorsqu&#8217;ils sont ferm\u00e9s, tu as plus de mal \u00e0 respirer que d&#8217;habitude, car le mat\u00e9riau du masque en n\u00e9opr\u00e8ne est assez \u00e9tanche. R\u00e9fl\u00e9chis donc bien \u00e0 la personne qui va t&#8217;attacher. Il pourrait profiter de ton impuissance \ud83d\ude09<\/p>\n","protected":false},"excerpt":{"rendered":"<h4>Cagoule neoprene lock out<\/h4>\n<p>Ce masque de taille universelle en n\u00e9opr\u00e8ne souple et \u00e9pais de 2,5 mm te capture. Lorsque la fermeture \u00e9clair en nylon \u00e0 l&#8217;arri\u00e8re se referme lentement sur l&#8217;arri\u00e8re de ta t\u00eate, le monde autour de toi s&#8217;enfonce dans une douce et agr\u00e9able obscurit\u00e9.<\/p>\n","protected":false},"featured_media":17424,"comment_status":"open","ping_status":"closed","template":"","meta":[],"product_brand":[],"product_cat":[624,732,700],"product_tag":[4421],"class_list":{"0":"post-17443","1":"product","2":"type-product","3":"status-publish","4":"has-post-thumbnail","6":"product_cat-accessoires-en-latex","7":"product_cat-best-seller","8":"product_cat-cagoules-etc","9":"product_tag-breath-control-fr","10":"product_shipping_class-colis-fr","12":"first","13":"instock","14":"taxable","15":"shipping-taxable","16":"purchasable","17":"product-type-simple"},"_links":{"self":[{"href":"https:\/\/www.hml-fetish.de\/shop\/fr\/wp-json\/wp\/v2\/product\/17443","targetHints":{"allow":["GET"]}}],"collection":[{"href":"https:\/\/www.hml-fetish.de\/shop\/fr\/wp-json\/wp\/v2\/product"}],"about":[{"href":"https:\/\/www.hml-fetish.de\/shop\/fr\/wp-json\/wp\/v2\/types\/product"}],"replies":[{"embeddable":true,"href":"https:\/\/www.hml-fetish.de\/shop\/fr\/wp-json\/wp\/v2\/comments?post=17443"}],"version-history":[{"count":0,"href":"https:\/\/www.hml-fetish.de\/shop\/fr\/wp-json\/wp\/v2\/product\/17443\/revisions"}],"wp:featuredmedia":[{"embeddable":true,"href":"https:\/\/www.hml-fetish.de\/shop\/fr\/wp-json\/wp\/v2\/media\/17424"}],"wp:attachment":[{"href":"https:\/\/www.hml-fetish.de\/shop\/fr\/wp-json\/wp\/v2\/media?parent=17443"}],"wp:term":[{"taxonomy":"product_brand","embeddable":true,"href":"https:\/\/www.hml-fetish.de\/shop\/fr\/wp-json\/wp\/v2\/product_brand?post=17443"},{"taxonomy":"product_cat","embeddable":true,"href":"https:\/\/www.hml-fetish.de\/shop\/fr\/wp-json\/wp\/v2\/product_cat?post=17443"},{"taxonomy":"product_tag","embeddable":true,"href":"https:\/\/www.hml-fetish.de\/shop\/fr\/wp-json\/wp\/v2\/product_tag?post=17443"}],"curies":[{"name":"wp","href":"https:\/\/api.w.org\/{rel}","templated":true}]}}