{"id":17421,"date":"2022-01-23T22:51:55","date_gmt":"2022-01-23T21:51:55","guid":{"rendered":"https:\/\/www.hml-fetish.de\/shop\/cagoule-anatomique-lecter\/"},"modified":"2022-01-23T22:51:55","modified_gmt":"2022-01-23T21:51:55","slug":"cagoule-anatomique-lecter","status":"publish","type":"product","link":"https:\/\/www.hml-fetish.de\/shop\/fr\/cagoule-anatomique-lecter\/","title":{"rendered":"Cagoule anatomique Lecter"},"content":{"rendered":"<p>Ce masque est particuli\u00e8rement bien adapt\u00e9 ! Il est moul\u00e9 dans un caoutchouc naturel de 0,4 mm d&#8217;\u00e9paisseur et est pr\u00e9trait\u00e9, de sorte qu&#8217;il brille d\u00e9j\u00e0 l\u00e9g\u00e8rement sans polissage au latex et qu&#8217;il est particuli\u00e8rement facile \u00e0 enfiler. Il est \u00e9galement tr\u00e8s robuste et r\u00e9sistant aux d\u00e9chirures.<br \/>\n<BR>Ce masque anatomique en caoutchouc est dot\u00e9 d&#8217;ouvertures pour les yeux et le nez. Il a une forme tridimensionnelle et s&#8217;adapte donc parfaitement \u00e0 la zone du visage, l\u00e0 o\u00f9 les mod\u00e8les de fabrication plus simple sont moins performants. La partie perfor\u00e9e de la bouche te permet d&#8217;une part de mieux respirer. D&#8217;autre part, le masque rappelle un peu Hannibal Lecter du &#8220;Silence des agneaux&#8221; et te donne ainsi la force de conviction n\u00e9cessaire lors des jeux.<\/P><\/p>\n","protected":false},"excerpt":{"rendered":"<h4>Cagoule anatomique Lecter<\/h4>\n<p>Ce masque est particuli\u00e8rement bien adapt\u00e9 ! Il est moul\u00e9 dans un caoutchouc naturel de 0,4 mm d&#8217;\u00e9paisseur et est pr\u00e9trait\u00e9, de sorte qu&#8217;il brille d\u00e9j\u00e0 l\u00e9g\u00e8rement sans polissage au latex et qu&#8217;il est particuli\u00e8rement facile \u00e0 enfiler. Il est \u00e9galement tr\u00e8s robuste et r\u00e9sistant aux d\u00e9chirures.<\/p>\n","protected":false},"featured_media":17396,"comment_status":"open","ping_status":"closed","template":"","meta":[],"product_brand":[],"product_cat":[624,700],"product_tag":[],"class_list":{"0":"post-17421","1":"product","2":"type-product","3":"status-publish","4":"has-post-thumbnail","6":"product_cat-accessoires-en-latex","7":"product_cat-cagoules-etc","8":"product_shipping_class-lettre","10":"first","11":"instock","12":"taxable","13":"shipping-taxable","14":"purchasable","15":"product-type-simple"},"_links":{"self":[{"href":"https:\/\/www.hml-fetish.de\/shop\/fr\/wp-json\/wp\/v2\/product\/17421","targetHints":{"allow":["GET"]}}],"collection":[{"href":"https:\/\/www.hml-fetish.de\/shop\/fr\/wp-json\/wp\/v2\/product"}],"about":[{"href":"https:\/\/www.hml-fetish.de\/shop\/fr\/wp-json\/wp\/v2\/types\/product"}],"replies":[{"embeddable":true,"href":"https:\/\/www.hml-fetish.de\/shop\/fr\/wp-json\/wp\/v2\/comments?post=17421"}],"version-history":[{"count":0,"href":"https:\/\/www.hml-fetish.de\/shop\/fr\/wp-json\/wp\/v2\/product\/17421\/revisions"}],"wp:featuredmedia":[{"embeddable":true,"href":"https:\/\/www.hml-fetish.de\/shop\/fr\/wp-json\/wp\/v2\/media\/17396"}],"wp:attachment":[{"href":"https:\/\/www.hml-fetish.de\/shop\/fr\/wp-json\/wp\/v2\/media?parent=17421"}],"wp:term":[{"taxonomy":"product_brand","embeddable":true,"href":"https:\/\/www.hml-fetish.de\/shop\/fr\/wp-json\/wp\/v2\/product_brand?post=17421"},{"taxonomy":"product_cat","embeddable":true,"href":"https:\/\/www.hml-fetish.de\/shop\/fr\/wp-json\/wp\/v2\/product_cat?post=17421"},{"taxonomy":"product_tag","embeddable":true,"href":"https:\/\/www.hml-fetish.de\/shop\/fr\/wp-json\/wp\/v2\/product_tag?post=17421"}],"curies":[{"name":"wp","href":"https:\/\/api.w.org\/{rel}","templated":true}]}}